{"id":1486,"date":"2024-03-06T19:24:14","date_gmt":"2024-03-06T19:24:14","guid":{"rendered":"https:\/\/elle.clinic\/reservez-une-consultation\/"},"modified":"2026-01-27T21:46:54","modified_gmt":"2026-01-27T21:46:54","slug":"reservez-une-consultation","status":"publish","type":"page","link":"https:\/\/elle.clinic\/fr\/reservez-une-consultation\/","title":{"rendered":"R\u00e9servez une consultation"},"content":{"rendered":"<section class=\"wpb-content-wrapper\"><p>[vc_row css_animation=&#8221;&#8221; row_type=&#8221;row&#8221; use_row_as_full_screen_section=&#8221;no&#8221; type=&#8221;grid&#8221; angled_section=&#8221;no&#8221; text_align=&#8221;left&#8221; background_image_as_pattern=&#8221;without_pattern&#8221; z_index=&#8221;&#8221; el_id=&#8221;book&#8221;][vc_column][vc_column_text]<\/p>\n<h2 style=\"text-align: center;\">R\u00e9servez une consultation<em>R\u00e9servez une consultation<\/em><\/h2>\n<p>[\/vc_column_text]\n<div class=\"wpcf7 no-js\" id=\"wpcf7-f1625-o1\" lang=\"en-US\" dir=\"ltr\" data-wpcf7-id=\"1625\">\n<div class=\"screen-reader-response\"><p role=\"status\" aria-live=\"polite\" aria-atomic=\"true\"><\/p> <ul><\/ul><\/div>\n<form action=\"\/fr\/wp-json\/wp\/v2\/pages\/1486#wpcf7-f1625-o1\" method=\"post\" class=\"wpcf7-form init default\" aria-label=\"Contact form\" novalidate=\"novalidate\" data-status=\"init\">\n<fieldset class=\"hidden-fields-container\"><input type=\"hidden\" name=\"_wpcf7\" value=\"1625\" \/><input type=\"hidden\" name=\"_wpcf7_version\" value=\"6.1.5\" \/><input type=\"hidden\" name=\"_wpcf7_locale\" value=\"en_US\" \/><input type=\"hidden\" name=\"_wpcf7_unit_tag\" value=\"wpcf7-f1625-o1\" \/><input type=\"hidden\" name=\"_wpcf7_container_post\" value=\"0\" \/><input type=\"hidden\" name=\"_wpcf7_posted_data_hash\" value=\"\" \/><input type=\"hidden\" name=\"_wpcf7cf_hidden_group_fields\" value=\"[]\" \/><input type=\"hidden\" name=\"_wpcf7cf_hidden_groups\" value=\"[]\" \/><input type=\"hidden\" name=\"_wpcf7cf_visible_groups\" value=\"[]\" \/><input type=\"hidden\" name=\"_wpcf7cf_repeaters\" value=\"[]\" \/><input type=\"hidden\" name=\"_wpcf7cf_steps\" value=\"{}\" \/><input type=\"hidden\" name=\"_wpcf7cf_options\" value=\"{&quot;form_id&quot;:1625,&quot;conditions&quot;:[{&quot;then_field&quot;:&quot;group-conditions&quot;,&quot;and_rules&quot;:[{&quot;if_field&quot;:&quot;radio-choose&quot;,&quot;operator&quot;:&quot;equals&quot;,&quot;if_value&quot;:&quot;Consultation&quot;}]},{&quot;then_field&quot;:&quot;group-treatments&quot;,&quot;and_rules&quot;:[{&quot;if_field&quot;:&quot;radio-choose&quot;,&quot;operator&quot;:&quot;equals&quot;,&quot;if_value&quot;:&quot;Traitement&quot;}]}],&quot;settings&quot;:{&quot;animation&quot;:&quot;yes&quot;,&quot;animation_intime&quot;:200,&quot;animation_outtime&quot;:200,&quot;conditions_ui&quot;:&quot;normal&quot;,&quot;notice_dismissed&quot;:false,&quot;notice_dismissed_rollback-cf7-5.8.7&quot;:true}}\" \/><input type=\"hidden\" name=\"_wpcf7_recaptcha_response\" value=\"\" \/>\n<\/fieldset>\n<div class=\"col-3\"> \n    <label>Nom et pr\u00e9nom<br>\n        <span class=\"wpcf7-form-control-wrap\" data-name=\"text-669\"><input size=\"40\" maxlength=\"400\" class=\"wpcf7-form-control wpcf7-text wpcf7-validates-as-required\" aria-required=\"true\" aria-invalid=\"false\" value=\"\" type=\"text\" name=\"text-669\" \/><\/span>\n    <\/label>\n\n    <label>T\u00e9l\u00e9phone<br>\n        <span class=\"wpcf7-form-control-wrap\" data-name=\"tel-335\"><input size=\"40\" maxlength=\"400\" class=\"wpcf7-form-control wpcf7-tel wpcf7-validates-as-required wpcf7-text wpcf7-validates-as-tel\" aria-required=\"true\" aria-invalid=\"false\" value=\"\" type=\"tel\" name=\"tel-335\" \/><\/span>\n    <\/label>\n\n    <label>Courriel<br>\n        <span class=\"wpcf7-form-control-wrap\" data-name=\"email-675\"><input size=\"40\" maxlength=\"400\" class=\"wpcf7-form-control wpcf7-email wpcf7-validates-as-required wpcf7-text wpcf7-validates-as-email\" aria-required=\"true\" aria-invalid=\"false\" value=\"\" type=\"email\" name=\"email-675\" \/><\/span>\n    <\/label>\n\n    <label>Date de naissance<br>\n        <span class=\"wpcf7-form-control-wrap\" data-name=\"dob\"><input class=\"wpcf7-form-control wpcf7-date wpcf7-validates-as-date\" id=\"dob\" min=\"1900-01-01\" max=\"2026-04-22\" aria-invalid=\"false\" value=\"\" type=\"date\" name=\"dob\" \/><\/span>\n    <\/label>\n<\/div>\n\n<h5>Choisissez un lieu<\/h5>\n<span class=\"wpcf7-form-control-wrap\" data-name=\"radio-location\"><span class=\"wpcf7-form-control wpcf7-radio\"><span class=\"wpcf7-list-item first\"><label><input type=\"radio\" name=\"radio-location\" value=\"Centre-ville de Montr\u00e9al\" \/><span class=\"wpcf7-list-item-label\">Centre-ville de Montr\u00e9al<\/span><\/label><\/span><span class=\"wpcf7-list-item last\"><label><input type=\"radio\" name=\"radio-location\" value=\"Brossard\" \/><span class=\"wpcf7-list-item-label\">Brossard<\/span><\/label><\/span><\/span><\/span>\n\n<h5>Choisissez votre demande<\/h5>\n<span class=\"wpcf7-form-control-wrap\" data-name=\"radio-choose\"><span class=\"wpcf7-form-control wpcf7-radio\"><span class=\"wpcf7-list-item first\"><label><input type=\"radio\" name=\"radio-choose\" value=\"Consultation\" \/><span class=\"wpcf7-list-item-label\">Consultation<\/span><\/label><\/span><span class=\"wpcf7-list-item last\"><label><input type=\"radio\" name=\"radio-choose\" value=\"Traitement\" \/><span class=\"wpcf7-list-item-label\">Traitement<\/span><\/label><\/span><\/span><\/span>\n\n<div data-id=\"group-conditions\" data-orig_data_id=\"group-conditions\" data-clear_on_hide class=\"\" data-class=\"wpcf7cf_group\">\n<span class=\"wpcf7-form-control-wrap\" data-name=\"menu-cons\"><select class=\"wpcf7-form-control wpcf7-select\" aria-invalid=\"false\" name=\"menu-cons\"><option value=\"Analyse de la peau VISIA\">Analyse de la peau VISIA<\/option><option value=\"Soins du visage et peeling\">Soins du visage et peeling<\/option><option value=\"Anti-\u00e2ge\">Anti-\u00e2ge<\/option><option value=\"Imperfections de la peau\">Imperfections de la peau<\/option><option value=\"Traitements capillaires\">Traitements capillaires<\/option><option value=\"Remodelage du corps\">Remodelage du corps<\/option><option value=\"Injections avec un m\u00e9decin\">Injections avec un m\u00e9decin<\/option><option value=\"Produits\">Produits<\/option><option value=\"Autres\">Autres<\/option><\/select><\/span>\n<\/div>\n\n<div data-id=\"group-treatments\" data-orig_data_id=\"group-treatments\" data-clear_on_hide class=\"\" data-class=\"wpcf7cf_group\">\n<span class=\"wpcf7-form-control-wrap\" data-name=\"menu-treatments\"><select class=\"wpcf7-form-control wpcf7-select\" aria-invalid=\"false\" name=\"menu-treatments\"><option value=\"optgroup-Soins du visage\">optgroup-Soins du visage<\/option><option value=\"Peeling chimique\">Peeling chimique<\/option><option value=\"Hydrafacial MD\">Hydrafacial MD<\/option><option value=\"Traitement du visage\">Traitement du visage<\/option><option value=\"endoptgroup\">endoptgroup<\/option><option value=\"optgroup-Anti-\u00e2ge\">optgroup-Anti-\u00e2ge<\/option><option value=\"Contour des yeux\">Contour des yeux<\/option><option value=\"Lifting et raffermissement du visage\">Lifting et raffermissement du visage<\/option><option value=\"Resurfa\u00e7age de la peau\">Resurfa\u00e7age de la peau<\/option><option value=\"Lifting par fil\">Lifting par fil<\/option><option value=\"endoptgroup\">endoptgroup<\/option><option value=\"optgroup-Imperfections de la peau\">optgroup-Imperfections de la peau<\/option><option value=\"Traitement de l&#039;Acn\u00e9 et des Cicatrices d&#039;Acn\u00e9\">Traitement de l&#039;Acn\u00e9 et des Cicatrices d&#039;Acn\u00e9<\/option><option value=\"Traitement de la pigmentation\">Traitement de la pigmentation<\/option><option value=\"Traitement des rougeurs diffuses, des capillaires bris\u00e9s et des veines d&#039;araign\u00e9e\">Traitement des rougeurs diffuses, des capillaires bris\u00e9s et des veines d&#039;araign\u00e9e<\/option><option value=\"endoptgroup\">endoptgroup<\/option><option value=\"optgroup-Traitements capillaires\">optgroup-Traitements capillaires<\/option><option value=\"Restauration des cheveux\">Restauration des cheveux<\/option><option value=\"\u00c9pilation au laser\">\u00c9pilation au laser<\/option><option value=\"endoptgroup\">endoptgroup<\/option><option value=\"optgroup-Remodelage du corps\">optgroup-Remodelage du corps<\/option><option value=\"Raffermissement du corps\">Raffermissement du corps<\/option><option value=\"Remodelage du corps et amincissement\">Remodelage du corps et amincissement<\/option><option value=\"endoptgroup\">endoptgroup<\/option><option value=\"optgroup-Autres traitements au laser\">optgroup-Autres traitements au laser<\/option><option value=\"D\u00e9tatouage\">D\u00e9tatouage<\/option><option value=\"Traitement du ronflement\">Traitement du ronflement<\/option><option value=\"Rajeunissement vaginal\">Rajeunissement vaginal<\/option><option value=\"Traitement de l&#039;incontinence urinaire\">Traitement de l&#039;incontinence urinaire<\/option><option value=\"endoptgroup\">endoptgroup<\/option><option value=\"optgroup-Injections cosm\u00e9tiques\">optgroup-Injections cosm\u00e9tiques<\/option><option value=\"Toxine botulique\">Toxine botulique<\/option><option value=\"Comblement dermique\">Comblement dermique<\/option><option value=\"Sculptra\">Sculptra<\/option><option value=\"endoptgroup\">endoptgroup<\/option><option value=\"optgroup-Injections nutritives\">optgroup-Injections nutritives<\/option><option value=\"Rajeunissement du visage par PRP\">Rajeunissement du visage par PRP<\/option><option value=\"Filorga NCTF\">Filorga NCTF<\/option><option value=\"Complexe r\u00e9g\u00e9n\u00e9rateur d&#039;exosomes\">Complexe r\u00e9g\u00e9n\u00e9rateur d&#039;exosomes<\/option><option value=\"endoptgroup\">endoptgroup<\/option><\/select><\/span>\n<\/div>\n\n<span class=\"wpcf7-form-control-wrap\" data-name=\"textarea-907\"><textarea cols=\"40\" rows=\"10\" maxlength=\"2000\" class=\"wpcf7-form-control wpcf7-textarea wpcf7-validates-as-required\" aria-required=\"true\" aria-invalid=\"false\" placeholder=\"Informations compl\u00e9mentaires sur votre demande\" name=\"textarea-907\"><\/textarea><\/span>\n\n<input class=\"wpcf7-form-control wpcf7-submit has-spinner\" type=\"submit\" value=\"Soumettre\" \/><input type='hidden' class='wpcf7-pum' value='{\"closepopup\":false,\"closedelay\":0,\"openpopup\":false,\"openpopup_id\":0}' \/><div class=\"wpcf7-response-output\" aria-hidden=\"true\"><\/div>\n<\/form>\n<\/div>\n[vc_raw_html]PHNjcmlwdD4NCmpRdWVyeShkb2N1bWVudCkucmVhZHkoZnVuY3Rpb24oKXsNCiAgdmFyIGZvdW5kaW4gPSBqUXVlcnkoJ3NlbGVjdCBvcHRpb246Y29udGFpbnMoIm9wdGdyb3VwLSIpJyk7DQogIGpRdWVyeS5lYWNoKGZvdW5kaW4sIGZ1bmN0aW9uKHZhbHVlKXsNCiAgICB2YXIgdXBkYXRlZCA9IGpRdWVyeSh0aGlzKS52YWwoKS5yZXBsYWNlKCdvcHRncm91cC0nLCcnKTsNCiAgICBqUXVlcnkodGhpcykubmV4dFVudGlsKCdvcHRpb246Y29udGFpbnMoImVuZG9wdGdyb3VwIiknKS53cmFwQWxsKCc8b3B0Z3JvdXAgbGFiZWw9IicrdXBkYXRlZCsnIj48L29wdGdyb3VwPicpOw0KICB9KTsNCiAgalF1ZXJ5KCdzZWxlY3Qgb3B0aW9uOmNvbnRhaW5zKCJvcHRncm91cC0iKScpLnJlbW92ZSgpOw0KICBqUXVlcnkoJ3NlbGVjdCBvcHRpb246Y29udGFpbnMoImVuZG9wdGdyb3VwIiknKS5yZW1vdmUoKTsNCn0pOw0KPC9zY3JpcHQ+[\/vc_raw_html][\/vc_column][\/vc_row]<\/p>\n<\/section>","protected":false},"excerpt":{"rendered":"<p>[vc_row css_animation=&#8221;&#8221; row_type=&#8221;row&#8221; use_row_as_full_screen_section=&#8221;no&#8221; type=&#8221;grid&#8221; angled_section=&#8221;no&#8221; text_align=&#8221;left&#8221; background_image_as_pattern=&#8221;without_pattern&#8221; z_index=&#8221;&#8221; el_id=&#8221;book&#8221;][vc_column][vc_column_text] R\u00e9servez une consultationR\u00e9servez une consultation [\/vc_column_text][vc_raw_html]PHNjcmlwdD4NCmpRdWVyeShkb2N1bWVudCkucmVhZHkoZnVuY3Rpb24oKXsNCiAgdmFyIGZvdW5kaW4gPSBqUXVlcnkoJ3NlbGVjdCBvcHRpb246Y29udGFpbnMoIm9wdGdyb3VwLSIpJyk7DQogIGpRdWVyeS5lYWNoKGZvdW5kaW4sIGZ1bmN0aW9uKHZhbHVlKXsNCiAgICB2YXIgdXBkYXRlZCA9IGpRdWVyeSh0aGlzKS52YWwoKS5yZXBsYWNlKCdvcHRncm91cC0nLCcnKTsNCiAgICBqUXVlcnkodGhpcykubmV4dFVudGlsKCdvcHRpb246Y29udGFpbnMoImVuZG9wdGdyb3VwIiknKS53cmFwQWxsKCc8b3B0Z3JvdXAgbGFiZWw9IicrdXBkYXRlZCsnIj48L29wdGdyb3VwPicpOw0KICB9KTsNCiAgalF1ZXJ5KCdzZWxlY3Qgb3B0aW9uOmNvbnRhaW5zKCJvcHRncm91cC0iKScpLnJlbW92ZSgpOw0KICBqUXVlcnkoJ3NlbGVjdCBvcHRpb246Y29udGFpbnMoImVuZG9wdGdyb3VwIiknKS5yZW1vdmUoKTsNCn0pOw0KPC9zY3JpcHQ+[\/vc_raw_html][\/vc_column][\/vc_row]<\/p>\n","protected":false},"author":1,"featured_media":0,"parent":0,"menu_order":0,"comment_status":"closed","ping_status":"open","template":"full_width.php","meta":{"nf_dc_page":"","om_disable_all_campaigns":false,"_monsterinsights_skip_tracking":false,"_monsterinsights_sitenote_active":false,"_monsterinsights_sitenote_note":"","_monsterinsights_sitenote_category":0,"footnotes":""},"class_list":["post-1486","page","type-page","status-publish","hentry"],"acf":[],"yoast_head":"<!-- This site is optimized with the Yoast SEO plugin v27.4 - https:\/\/yoast.com\/product\/yoast-seo-wordpress\/ -->\n<title>R\u00e9servez une consultation | Elle Clinique Esth\u00e9tique Montr\u00e9al<\/title>\n<meta name=\"description\" content=\"R\u00e9servez une consultation | Clinique d&#039;esth\u00e9tique m\u00e9dicale au centreville de Montr\u00e9al. Esth\u00e9ticiennes expertes en soins de la peau\" \/>\n<meta name=\"robots\" content=\"index, follow, max-snippet:-1, max-image-preview:large, max-video-preview:-1\" \/>\n<link rel=\"canonical\" href=\"https:\/\/elle.clinic\/fr\/reservez-une-consultation\/\" \/>\n<meta property=\"og:locale\" content=\"fr_FR\" \/>\n<meta property=\"og:type\" content=\"article\" \/>\n<meta property=\"og:title\" content=\"R\u00e9servez une consultation | Elle Clinique Esth\u00e9tique Montr\u00e9al\" \/>\n<meta property=\"og:description\" content=\"R\u00e9servez une consultation | Clinique d&#039;esth\u00e9tique m\u00e9dicale au centreville de Montr\u00e9al. Esth\u00e9ticiennes expertes en soins de la peau\" \/>\n<meta property=\"og:url\" content=\"https:\/\/elle.clinic\/fr\/reservez-une-consultation\/\" \/>\n<meta property=\"og:site_name\" content=\"Elle Clinique Esth\u00e9tique Montr\u00e9al\" \/>\n<meta property=\"article:publisher\" content=\"https:\/\/www.instagram.com\/elle_montreal_clinique\/\" \/>\n<meta property=\"article:modified_time\" content=\"2026-01-27T21:46:54+00:00\" \/>\n<meta property=\"og:image\" content=\"https:\/\/i0.wp.com\/elle.clinic\/wp-content\/uploads\/2024\/05\/elle-00.jpg?fit=1200%2C675&ssl=1\" \/>\n\t<meta property=\"og:image:width\" content=\"1200\" \/>\n\t<meta property=\"og:image:height\" content=\"675\" \/>\n\t<meta property=\"og:image:type\" content=\"image\/jpeg\" \/>\n<meta name=\"twitter:card\" content=\"summary_large_image\" \/>\n<meta name=\"twitter:label1\" content=\"Dur\u00e9e de lecture estim\u00e9e\" \/>\n\t<meta name=\"twitter:data1\" content=\"1 minute\" \/>\n<script type=\"application\/ld+json\" class=\"yoast-schema-graph\">{\"@context\":\"https:\\\/\\\/schema.org\",\"@graph\":[{\"@type\":\"WebPage\",\"@id\":\"https:\\\/\\\/elle.clinic\\\/fr\\\/reservez-une-consultation\\\/\",\"url\":\"https:\\\/\\\/elle.clinic\\\/fr\\\/reservez-une-consultation\\\/\",\"name\":\"R\u00e9servez une consultation | Elle Clinique Esth\u00e9tique Montr\u00e9al\",\"isPartOf\":{\"@id\":\"https:\\\/\\\/kqu.kqm.mybluehost.me\\\/website_43a04015\\\/#website\"},\"datePublished\":\"2024-03-06T19:24:14+00:00\",\"dateModified\":\"2026-01-27T21:46:54+00:00\",\"description\":\"R\u00e9servez une consultation | Clinique d'esth\u00e9tique m\u00e9dicale au centreville de Montr\u00e9al. Esth\u00e9ticiennes expertes en soins de la peau\",\"inLanguage\":\"fr-FR\",\"potentialAction\":[{\"@type\":\"ReadAction\",\"target\":[\"https:\\\/\\\/elle.clinic\\\/fr\\\/reservez-une-consultation\\\/\"]}]},{\"@type\":\"WebSite\",\"@id\":\"https:\\\/\\\/kqu.kqm.mybluehost.me\\\/website_43a04015\\\/#website\",\"url\":\"https:\\\/\\\/kqu.kqm.mybluehost.me\\\/website_43a04015\\\/\",\"name\":\"Elle Clinique Esth\u00e9tique Montr\u00e9al\",\"description\":\"\",\"publisher\":{\"@id\":\"https:\\\/\\\/kqu.kqm.mybluehost.me\\\/website_43a04015\\\/#organization\"},\"potentialAction\":[{\"@type\":\"SearchAction\",\"target\":{\"@type\":\"EntryPoint\",\"urlTemplate\":\"https:\\\/\\\/kqu.kqm.mybluehost.me\\\/website_43a04015\\\/?s={search_term_string}\"},\"query-input\":{\"@type\":\"PropertyValueSpecification\",\"valueRequired\":true,\"valueName\":\"search_term_string\"}}],\"inLanguage\":\"fr-FR\"},{\"@type\":\"Organization\",\"@id\":\"https:\\\/\\\/kqu.kqm.mybluehost.me\\\/website_43a04015\\\/#organization\",\"name\":\"Elle Clinique Esth\u00e9tique Montr\u00e9al\",\"url\":\"https:\\\/\\\/kqu.kqm.mybluehost.me\\\/website_43a04015\\\/\",\"logo\":{\"@type\":\"ImageObject\",\"inLanguage\":\"fr-FR\",\"@id\":\"https:\\\/\\\/kqu.kqm.mybluehost.me\\\/website_43a04015\\\/#\\\/schema\\\/logo\\\/image\\\/\",\"url\":\"https:\\\/\\\/elle.clinic\\\/wp-content\\\/uploads\\\/2024\\\/03\\\/elle-00.png\",\"contentUrl\":\"https:\\\/\\\/elle.clinic\\\/wp-content\\\/uploads\\\/2024\\\/03\\\/elle-00.png\",\"width\":800,\"height\":800,\"caption\":\"Elle Clinique Esth\u00e9tique Montr\u00e9al\"},\"image\":{\"@id\":\"https:\\\/\\\/kqu.kqm.mybluehost.me\\\/website_43a04015\\\/#\\\/schema\\\/logo\\\/image\\\/\"},\"sameAs\":[\"https:\\\/\\\/www.instagram.com\\\/elle_montreal_clinique\\\/\"]}]}<\/script>\n<!-- \/ Yoast SEO plugin. -->","yoast_head_json":{"title":"R\u00e9servez une consultation | Elle Clinique Esth\u00e9tique Montr\u00e9al","description":"R\u00e9servez une consultation | Clinique d'esth\u00e9tique m\u00e9dicale au centreville de Montr\u00e9al. Esth\u00e9ticiennes expertes en soins de la peau","robots":{"index":"index","follow":"follow","max-snippet":"max-snippet:-1","max-image-preview":"max-image-preview:large","max-video-preview":"max-video-preview:-1"},"canonical":"https:\/\/elle.clinic\/fr\/reservez-une-consultation\/","og_locale":"fr_FR","og_type":"article","og_title":"R\u00e9servez une consultation | Elle Clinique Esth\u00e9tique Montr\u00e9al","og_description":"R\u00e9servez une consultation | Clinique d'esth\u00e9tique m\u00e9dicale au centreville de Montr\u00e9al. Esth\u00e9ticiennes expertes en soins de la peau","og_url":"https:\/\/elle.clinic\/fr\/reservez-une-consultation\/","og_site_name":"Elle Clinique Esth\u00e9tique Montr\u00e9al","article_publisher":"https:\/\/www.instagram.com\/elle_montreal_clinique\/","article_modified_time":"2026-01-27T21:46:54+00:00","og_image":[{"width":1200,"height":675,"url":"https:\/\/i0.wp.com\/elle.clinic\/wp-content\/uploads\/2024\/05\/elle-00.jpg?fit=1200%2C675&ssl=1","type":"image\/jpeg"}],"twitter_card":"summary_large_image","twitter_misc":{"Dur\u00e9e de lecture estim\u00e9e":"1 minute"},"schema":{"@context":"https:\/\/schema.org","@graph":[{"@type":"WebPage","@id":"https:\/\/elle.clinic\/fr\/reservez-une-consultation\/","url":"https:\/\/elle.clinic\/fr\/reservez-une-consultation\/","name":"R\u00e9servez une consultation | Elle Clinique Esth\u00e9tique Montr\u00e9al","isPartOf":{"@id":"https:\/\/kqu.kqm.mybluehost.me\/website_43a04015\/#website"},"datePublished":"2024-03-06T19:24:14+00:00","dateModified":"2026-01-27T21:46:54+00:00","description":"R\u00e9servez une consultation | Clinique d'esth\u00e9tique m\u00e9dicale au centreville de Montr\u00e9al. Esth\u00e9ticiennes expertes en soins de la peau","inLanguage":"fr-FR","potentialAction":[{"@type":"ReadAction","target":["https:\/\/elle.clinic\/fr\/reservez-une-consultation\/"]}]},{"@type":"WebSite","@id":"https:\/\/kqu.kqm.mybluehost.me\/website_43a04015\/#website","url":"https:\/\/kqu.kqm.mybluehost.me\/website_43a04015\/","name":"Elle Clinique Esth\u00e9tique Montr\u00e9al","description":"","publisher":{"@id":"https:\/\/kqu.kqm.mybluehost.me\/website_43a04015\/#organization"},"potentialAction":[{"@type":"SearchAction","target":{"@type":"EntryPoint","urlTemplate":"https:\/\/kqu.kqm.mybluehost.me\/website_43a04015\/?s={search_term_string}"},"query-input":{"@type":"PropertyValueSpecification","valueRequired":true,"valueName":"search_term_string"}}],"inLanguage":"fr-FR"},{"@type":"Organization","@id":"https:\/\/kqu.kqm.mybluehost.me\/website_43a04015\/#organization","name":"Elle Clinique Esth\u00e9tique Montr\u00e9al","url":"https:\/\/kqu.kqm.mybluehost.me\/website_43a04015\/","logo":{"@type":"ImageObject","inLanguage":"fr-FR","@id":"https:\/\/kqu.kqm.mybluehost.me\/website_43a04015\/#\/schema\/logo\/image\/","url":"https:\/\/elle.clinic\/wp-content\/uploads\/2024\/03\/elle-00.png","contentUrl":"https:\/\/elle.clinic\/wp-content\/uploads\/2024\/03\/elle-00.png","width":800,"height":800,"caption":"Elle Clinique Esth\u00e9tique Montr\u00e9al"},"image":{"@id":"https:\/\/kqu.kqm.mybluehost.me\/website_43a04015\/#\/schema\/logo\/image\/"},"sameAs":["https:\/\/www.instagram.com\/elle_montreal_clinique\/"]}]}},"jetpack_sharing_enabled":true,"_links":{"self":[{"href":"https:\/\/elle.clinic\/fr\/wp-json\/wp\/v2\/pages\/1486","targetHints":{"allow":["GET"]}}],"collection":[{"href":"https:\/\/elle.clinic\/fr\/wp-json\/wp\/v2\/pages"}],"about":[{"href":"https:\/\/elle.clinic\/fr\/wp-json\/wp\/v2\/types\/page"}],"author":[{"embeddable":true,"href":"https:\/\/elle.clinic\/fr\/wp-json\/wp\/v2\/users\/1"}],"replies":[{"embeddable":true,"href":"https:\/\/elle.clinic\/fr\/wp-json\/wp\/v2\/comments?post=1486"}],"version-history":[{"count":5,"href":"https:\/\/elle.clinic\/fr\/wp-json\/wp\/v2\/pages\/1486\/revisions"}],"predecessor-version":[{"id":1888,"href":"https:\/\/elle.clinic\/fr\/wp-json\/wp\/v2\/pages\/1486\/revisions\/1888"}],"wp:attachment":[{"href":"https:\/\/elle.clinic\/fr\/wp-json\/wp\/v2\/media?parent=1486"}],"curies":[{"name":"wp","href":"https:\/\/api.w.org\/{rel}","templated":true}]}}