{"id":1579,"date":"2024-03-21T13:52:04","date_gmt":"2024-03-21T13:52:04","guid":{"rendered":"https:\/\/elle.clinic\/nos-produits\/"},"modified":"2026-04-11T05:05:54","modified_gmt":"2026-04-11T05:05:54","slug":"nos-produits","status":"publish","type":"page","link":"https:\/\/elle.clinic\/fr\/nos-produits\/","title":{"rendered":"Nos produits"},"content":{"rendered":"<section class=\"wpb-content-wrapper\"><p>[vc_row css_animation=&#8221;&#8221; row_type=&#8221;row&#8221; use_row_as_full_screen_section=&#8221;no&#8221; type=&#8221;grid&#8221; angled_section=&#8221;no&#8221; text_align=&#8221;left&#8221; background_image_as_pattern=&#8221;without_pattern&#8221; el_id=&#8221;logo&#8221; z_index=&#8221;&#8221;][vc_column][vc_empty_space height=&#8221;60px&#8221;][vc_column_text]<svg id=\"face\" xmlns=\"http:\/\/www.w3.org\/2000\/svg\" viewBox=\"0 0 538.58 345.88\"><defs><style>.clz-1{fill:#9b745a;}<\/style><\/defs><g id=\"Layer_2\" data-name=\"Layer 2\"><g id=\"lg\" data-name=\"lg\"><path class=\"clz-1 face\" d=\"M381.92,186.28a20.37,20.37,0,0,0-1.17-2.59c-.19-.34-.39-.58-.58-.92-2.88-4.25-7.66-6.1-6.25-9.76s2.2-6.88.29-8.73-2.09-2.15-.78-5.76.34-5.61-3.61-7.9-2.63-2.34,1.13-9a15.47,15.47,0,0,0,1-2.1c4.69-10.68-5.37-13.31-9.51-13.9-4.73-.68-11.32-1.56-19.42-3-6.34-1.17-9.9-3.42-12-6.29,7.61-1.86,5.52-10.59,5.52-10.59-1.81,5.17-5.61,5.85-7.71,5.85a40.45,40.45,0,0,1-1-5.46C326,91.94,312,81.79,312,81.79c-.25-.2-2-1.46-4.25-3a40.63,40.63,0,0,1-3.46-3.18,5.84,5.84,0,0,1-.87-2.68h0v-.19c0-.74.53-3.08,5.7-4.93a1.58,1.58,0,0,0,.53-.2,194.35,194.35,0,0,0,38.1-17.7,121.2,121.2,0,0,0,12.69-9.12,64,64,0,0,0,11.66-12.3,29,29,0,0,0,4.34-9A17.48,17.48,0,0,0,377,13.2a14,14,0,0,0-2.29-6.43,15.36,15.36,0,0,0-1-1.37l-.54-.59L372.31,4l-.73-.63-1.66-1.17a15.37,15.37,0,0,0-5.9-2,25.22,25.22,0,0,0-10,.88,63.06,63.06,0,0,0-15.76,7.31c-1.9,1.17-3.75,2.44-5.61,3.76A125.76,125.76,0,0,0,310.22,33a93.66,93.66,0,0,0-10.64,16.68h0s-1.12,2.1-2.44,4.78h0c-1.66,3.32-4.83,11.42-4.83,11.42h0a5.84,5.84,0,0,1-3.85,3.31h0c-33.86,7.08-85,36.25-96.3,87,17.17-45.95,56-67.17,72.93-74.49,1.32-.58,2.63-1.17,3.9-1.71a43.21,43.21,0,0,1,4.29-1.41h0C281,76.37,295,74.37,306.7,83.3a0,0,0,0,1,.05,0c5.66,4.29,11.27,8.24,14.73,18,3,8.54,4.39,17.12,9.71,23.22,1.8,1.81,5.46,4.54,12.29,6.1,11,2.49,23.12,2.2,21.71,7.51s-7.56,11.46-4.63,14.29,9.46,2.25,8.1,6.69-.89,5.85,2,6.87c2.69,1-3.31,7.32-1.07,11.71a2.76,2.76,0,0,0,.29.49c.1.15.2.24.3.39a4.66,4.66,0,0,0,.53.69l1.32,1.46a45.25,45.25,0,0,1,4.44,5.46,10,10,0,0,1,1.9,5.51,8.22,8.22,0,0,1-2.63,5.18h0l-.2.19a13.82,13.82,0,0,1-1.71,1.56,14.12,14.12,0,0,1-2.15,1.56,42.12,42.12,0,0,1-4.67,2.68,84.28,84.28,0,0,1-10.1,4.25c-3.47,1.27-7.13,2.14-10.59,3.12A88.2,88.2,0,0,0,335,213.69c-7.36,2.79-14.59,6.54-20.68,12.05a52.4,52.4,0,0,0-7.41,8,66.32,66.32,0,0,0-9.62,18.2c-.38,1.12-.73,2.24-1.07,3.46-.05.2-.1.34-.14.54a81.3,81.3,0,0,0-2.88,14.58h0c-.78,9.27-.49,21.08,4.19,30.15,3.22,5.51,7.17,9,10.29,9.17,7.32.29,13.76-2.93,9-17.66s-17.42-41.17-3.66-59.27,32.49-21,53.71-27.6c13.66-4.35,16-11,15.9-15.23ZM301.09,66.81h0c-.34,0-.68-.14-1-.19-1.66-.69-1.57-3.12-1.57-3.12a33.69,33.69,0,0,1,.83-4.49c2.1-7.47,8.1-15.27,9-16.49A99.42,99.42,0,0,1,329,23.84c2.14-1.52,4.39-2.93,6.68-4.25h.05c.49-.29,1-.58,1.46-.83,4.58-2.48,18.34-9.36,25.51-7,.1,0,.15.05.2.05s.39.14.58.24a8.1,8.1,0,0,1,2.79,2.15C373.43,22,363.29,39.84,343.29,51a151.5,151.5,0,0,1-22.24,10l-.35.14c-1,.35-2,.69-2.93,1-4.53,1.41-11.16,3.32-15.41,4.44a4.7,4.7,0,0,1-1.27.19Z\"\/><path class=\"clz-1 circlz\" d=\"M323.09,281.28a2.22,2.22,0,0,1-.83-4.29A130.18,130.18,0,0,0,274.2,25.84c-71.76,0-130.15,58.39-130.15,130.16a130.05,130.05,0,0,0,17.62,65.44,2.22,2.22,0,1,1-3.84,2.24A134.49,134.49,0,0,1,139.6,156C139.6,81.77,200,21.39,274.2,21.39S408.81,81.77,408.81,156a134,134,0,0,1-84.9,125.13A2.37,2.37,0,0,1,323.09,281.28Z\"\/><path class=\"clz-1 elle\" d=\"M315.91,120.62a73.2,73.2,0,0,0-9.14-21.21,76.93,76.93,0,0,0-9-11.66A49.73,49.73,0,0,0,294,84.12a48.1,48.1,0,0,1,3.35,3.95,84.22,84.22,0,0,1,7.85,12.24,75.68,75.68,0,0,1,7.33,21,66.94,66.94,0,0,1-1.09,28.34,77.32,77.32,0,0,1-5.83,15.16c-.67,1.24-1.26,2.55-2,3.77l-2.17,3.67c-.75,1.24-1.66,2.51-2.49,3.77l-1.23,1.82c-.43.57-.84,1.16-1.31,1.7a30,30,0,0,1-6.05,5.87,15.37,15.37,0,0,1-7.13,2.94c-.2,0-.38,0-.57,0,6.73-10.28,13.73-20.65,19.64-32.13a60.76,60.76,0,0,0,4.37-10.77,23.87,23.87,0,0,0,1-6.5,11.51,11.51,0,0,0-2.83-8,11.14,11.14,0,0,0-1.81-1.52l-.44-.29-.66-.34a9.29,9.29,0,0,0-1-.42,12.44,12.44,0,0,0-3.94-.79,15,15,0,0,0-7.3,1.59,21.7,21.7,0,0,0-3,1.78,28.66,28.66,0,0,0-2.47,2.13,32.29,32.29,0,0,0-3.95,4.67c-4.55,6.52-7.17,13.45-9.22,20.43A73.81,73.81,0,0,0,268,179.77a28.19,28.19,0,0,0,.76,5.82,14.15,14.15,0,0,0,2.3,5c-3.41,5.36-6.71,10.77-9.69,16.47-.83,1.61-1.63,3.25-2.36,5a40.29,40.29,0,0,0-1.9,5.36c-.92,3.27-1.87,6.48-2.92,9.6a71.4,71.4,0,0,1-3.52,8.82,22,22,0,0,1-2.16,3.54,4.08,4.08,0,0,1-1.61,1.42s-.13,0,0,.05,0,0-.17,0a.76.76,0,0,1-.09-.16,10.54,10.54,0,0,1-.8-3.41,50.9,50.9,0,0,1,.09-8.8c.47-6,1.48-11.86,2.5-17.53s2.24-11.12,3.55-16.33a431.54,431.54,0,0,1,15.57-49.67c2.27-5.87,4.11-10.48,5.45-13.58s2.09-4.74,2.09-4.74-.91,1.55-2.52,4.53-3.94,7.38-6.63,13.11a349.55,349.55,0,0,0-18.84,49c-2.14,7.13-4.2,14.71-5.81,22.82-.87,2.14-1.79,4.4-2.79,6.77-1.68,4-3.64,8.22-5.87,12.48a50.42,50.42,0,0,1-3.79,6.11c-.18.25-.38.47-.57.7a6.89,6.89,0,0,1-.57.61,2.05,2.05,0,0,1-1.64,1h-.17l-.06,0a1,1,0,0,1-.3,0s0-.07-.05-.1c-4.71-1.56-2.29-20-2.29-20h0c3.39-34.72,29.56-93.07,29.56-93.07l-3.69,3.67a117.62,117.62,0,0,0-8.6,9.63A158.26,158.26,0,0,0,229,160.47a170.83,170.83,0,0,0-11.81,23.4c-3.78,8.77-7.3,18.49-11.63,27.77a60.48,60.48,0,0,1-7.88,12.81c-.79,1-1.56,1.76-2.31,2.57l-1.54,1.47-.4.37-.09.09c-.18.17.12-.12.06-.07l-.17.14-.65.56a11.25,11.25,0,0,1-4.58,2.55c-.48.05-.63,0-.7-.07a2.88,2.88,0,0,1-.64-.59,9.16,9.16,0,0,1-1.3-2.23c1.12-1.62,2.23-3.25,3.33-4.94a299.71,299.71,0,0,0,16.88-29.52c2.58-5.31,5.31-10.65,7.46-16.39a54.34,54.34,0,0,0,2.57-8.89c.53-3.06.88-6.36-.34-9.55a7.15,7.15,0,0,0-3.38-3.81,9,9,0,0,0-5-.85c-3.4.36-6.27,2.23-8.71,4.29-4.87,4.23-8.44,9.57-11.75,14.94A82.56,82.56,0,0,0,175,210.29a53.27,53.27,0,0,0,1.51,18.5c.06.18.13.36.18.54-16,19.67-54.8,57.38-106.4,39.34,0,0,38.65,20.49,51.74,19.71,0,0,5.94-2.4,15-8.7a177.61,177.61,0,0,0,33.41-30.93c3.29-3.87,6.59-8,9.86-12.44.19.23.35.48.56.7a9.69,9.69,0,0,0,4,2.57,9.17,9.17,0,0,0,4.76.14,19.14,19.14,0,0,0,7.85-4.44c1.12-1,2.12-2.05,3.12-3.06s1.93-2.2,2.78-3.35a67.79,67.79,0,0,0,8.22-14.57c4.26-10,7.18-19.79,10.48-28.59a201.87,201.87,0,0,1,10.16-23.53,156.26,156.26,0,0,1,10.17-16.92c3.11-4.52,5.8-7.88,7.65-10.15.2-.24.35-.42.54-.63-.65,1-1.42,2.23-2.27,3.71-1.3,2.22-2.87,4.91-4.53,8.08S240.28,153,238.43,157s-3.87,8.32-5.72,13c-1,2.34-1.92,4.75-2.86,7.23s-1.87,5-2.76,7.64c-1.77,5.22-3.52,10.66-5.09,16.25s-2.95,11.36-4.09,17.18a125.9,125.9,0,0,0-2.29,17.8,36,36,0,0,0,.67,9.59,14.78,14.78,0,0,0,1,2.8,8.47,8.47,0,0,0,2.44,3.14,6.77,6.77,0,0,0,2.19,1.11,8.43,8.43,0,0,0,1,.24l.89.11a8.21,8.21,0,0,0,3.32-.44c9.05-3.87,13.23-28.8,13.23-28.8a116,116,0,0,0-1.33,14,17.23,17.23,0,0,0,1.29,5.9,7.49,7.49,0,0,0,3,3.43l.64.31.48.18.15,0a6.48,6.48,0,0,0,.85.23,7.15,7.15,0,0,0,2.46.09,7.24,7.24,0,0,0,1.07-.21c2.72-1.05,7.14-4.58,8.72-16.05,3.28-23.78,5.07-26.37,20.53-36.38a15.28,15.28,0,0,0,6,.32,22.36,22.36,0,0,0,10.41-4.59,36.58,36.58,0,0,0,7.2-7.43c.51-.67,1-1.36,1.44-2l1.28-2c.8-1.32,1.61-2.55,2.38-3.92l2.24-4.13c.73-1.36,1.33-2.75,2-4.12a83,83,0,0,0,5.41-16.59A67.73,67.73,0,0,0,315.91,120.62ZM183.51,211A73.52,73.52,0,0,1,188,191.64l-.08.16a121,121,0,0,1,9.55-20.55c3.42-6.19,7.85-12.64,12-14,8.34-2.68-5.07,22.64-10.65,34.14a297.82,297.82,0,0,1-14.19,27.17c-.17.28-.55.86-1.12,1.7A63.29,63.29,0,0,1,183.51,211Zm92.57-28.19a23,23,0,0,1-.23-3.18,50.09,50.09,0,0,1,.58-7.33h0s7.22-38.46,19.66-41.6c13.18-3.33-4.28,27.39-10.67,37.46h0C282.39,173,279.22,177.89,276.08,182.76Z\"\/><\/g><\/g><\/svg>[\/vc_column_text][\/vc_column][\/vc_row][vc_row css_animation=&#8221;&#8221; row_type=&#8221;row&#8221; use_row_as_full_screen_section=&#8221;no&#8221; type=&#8221;grid&#8221; angled_section=&#8221;no&#8221; text_align=&#8221;left&#8221; background_image_as_pattern=&#8221;without_pattern&#8221; z_index=&#8221;&#8221; el_id=&#8221;after-hero&#8221;][vc_column][vc_column_text]<\/p>\n<p style=\"text-align: center;\">Bienvenue dans notre gamme de soins de la peau avanc\u00e9s, o\u00f9 chaque produit est m\u00e9ticuleusement con\u00e7u pour \u00e9lever votre routine de soins de la peau \u00e0 de nouveaux sommets. Associ\u00e9s aux conseils personnalis\u00e9s de nos experts en soins de la peau, nos produits offrent des solutions sur mesure pour r\u00e9pondre \u00e0 vos besoins uniques en mati\u00e8re de soins de la peau.<\/p>\n<p>[\/vc_column_text][vc_raw_html]PHNjcmlwdD48c3BhbiBkYXRhLW1jZS10eXBlPSJib29rbWFyayIgc3R5bGU9ImRpc3BsYXk6IGlubGluZS1ibG9jazsgd2lkdGg6IDBweDsgb3ZlcmZsb3c6IGhpZGRlbjsgbGluZS1oZWlnaHQ6IDA7IiBjbGFzcz0ibWNlX1NFTFJFU19zdGFydCI+77u\/PC9zcGFuPg0KICAgIGpRdWVyeShkb2N1bWVudCkucmVhZHkoZnVuY3Rpb24oJCl7DQogICAgICAgICQoJyNwcm9kdWN0cyAudmNfaW5uZXInKS5hZGRDbGFzcygnYW5pbS1zaW5nbGUgYW5pbS11cCcpOw0KICAgIH0pOw0KPC9zY3JpcHQ+[\/vc_raw_html][\/vc_column][\/vc_row][vc_row css_animation=&#8221;&#8221; row_type=&#8221;row&#8221; use_row_as_full_screen_section=&#8221;no&#8221; type=&#8221;grid&#8221; angled_section=&#8221;no&#8221; text_align=&#8221;left&#8221; background_image_as_pattern=&#8221;without_pattern&#8221; el_id=&#8221;products&#8221; z_index=&#8221;&#8221;][vc_column][vc_row_inner row_type=&#8221;row&#8221; type=&#8221;full_width&#8221; text_align=&#8221;left&#8221; css_animation=&#8221;&#8221;][vc_column_inner][vc_single_image image=&#8221;1946&#8243; img_size=&#8221;full&#8221; qode_css_animation=&#8221;&#8221;][vc_column_text]<\/p>\n<h2>SkinCeuticals<\/h2>\n<p>Skinceuticals SkinCare s&#8217;engage \u00e0 am\u00e9liorer la sant\u00e9 de la peau. Son seul engagement est d&#8217;offrir des soins de la peau avanc\u00e9s, fond\u00e9s sur la recherche scientifique. Issues d&#8217;\u00e9tudes approfondies sur le cancer de la peau qui ont permis des avanc\u00e9es consid\u00e9rables en mati\u00e8re d&#8217;antioxydants, leurs formules puissantes sont riches en actifs purs et scientifiquement prouv\u00e9es pour p\u00e9n\u00e9trer en profondeur dans la peau. Skinceuticals formule des solutions pour lutter contre les signes du vieillissement, pr\u00e9server la vitalit\u00e9 de la peau et pr\u00e9venir les futurs probl\u00e8mes li\u00e9s \u00e0 l&#8217;\u00e2ge.[\/vc_column_text][\/vc_column_inner][\/vc_row_inner][vc_row_inner row_type=&#8221;row&#8221; type=&#8221;full_width&#8221; text_align=&#8221;left&#8221; css_animation=&#8221;&#8221; el_id=&#8221;skinbetter&#8221;][vc_column_inner][vc_single_image image=&#8221;1432&#8243; img_size=&#8221;full&#8221; qode_css_animation=&#8221;&#8221;][vc_column_text]<\/p>\n<h2>Skinbetter Science<\/h2>\n<p>La gamme de produits de Skinbetter Science est cr\u00e9\u00e9e \u00e0 partir de formulations innovantes qui s&#8217;appuient sur des technologies de pointe en mati\u00e8re de soins de la peau et sur la recherche clinique. Leur gamme comprend des s\u00e9rums rajeunissants, des hydratants, des \u00e9crans solaires et des traitements qui ciblent le vieillissement, le teint, la texture et l&#8217;hydratation de la peau. Chaque produit vise \u00e0 apporter des am\u00e9liorations visibles, en combinant des ingr\u00e9dients brevet\u00e9s pour des solutions de soins de la peau efficaces et fond\u00e9es sur la science.[\/vc_column_text][\/vc_column_inner][\/vc_row_inner][vc_row_inner row_type=&#8221;row&#8221; type=&#8221;full_width&#8221; text_align=&#8221;left&#8221; css_animation=&#8221;&#8221; el_id=&#8221;vivier&#8221;][vc_column_inner][vc_single_image image=&#8221;1925&#8243; img_size=&#8221;full&#8221; qode_css_animation=&#8221;&#8221;][vc_column_text]<\/p>\n<h2>Vivier<\/h2>\n<p>Vivier s\u2019engage \u00e0 offrir des produits de la plus haute qualit\u00e9 gr\u00e2ce \u00e0 des tests rigoureux et \u00e0 l\u2019excellence scientifique. Les ingr\u00e9dients de qualit\u00e9 USP sont un gage de puret\u00e9 et de puissance, et garantissent que les produits Vivier procurent les meilleurs r\u00e9sultats possibles. Ses installations de fabrication au Canada sont soumises \u00e0 des processus et \u00e0 des exigences strictes afin d\u2019assurer une qualit\u00e9 constante \u00e0 chaque achat. Gr\u00e2ce \u00e0 des tests de stabilit\u00e9 prolong\u00e9e, Vivier veille \u00e9galement \u00e0 ce que ses produits demeurent efficaces de la premi\u00e8re goutte \u00e0 la derni\u00e8re.[\/vc_column_text][\/vc_column_inner][\/vc_row_inner][vc_row_inner row_type=&#8221;row&#8221; type=&#8221;full_width&#8221; text_align=&#8221;left&#8221; css_animation=&#8221;&#8221; el_id=&#8221;valmont&#8221;][vc_column_inner][vc_single_image image=&#8221;1921&#8243; img_size=&#8221;full&#8221; qode_css_animation=&#8221;&#8221;][vc_column_text]<\/p>\n<h2>Valmont<\/h2>\n<p>L\u2019innovation est au c\u0153ur de la recherche de Valmont sur le vieillissement cutan\u00e9, et notre h\u00e9ritage m\u00e9dical, transmis par la Clinique Valmont, est la pierre angulaire de notre signature scientifique : la cosm\u00e9tique cellulaire. En explorant le noyau des cellules, nos \u00e9quipes de R et D ont extrait deux mol\u00e9cules aux qualit\u00e9s exceptionnelles : l\u2019ADN et l\u2019ARN. Ces mol\u00e9cules actives biomim\u00e9tiques garantissent une affinit\u00e9 dermique remarquable pour une efficacit\u00e9 incomparable. Un duo qui renforce et stimule les cellules afin de r\u00e9v\u00e9ler une peau sublime, \u00e9clatante de jeunesse.[\/vc_column_text][\/vc_column_inner][\/vc_row_inner][vc_row_inner row_type=&#8221;row&#8221; type=&#8221;full_width&#8221; text_align=&#8221;left&#8221; css_animation=&#8221;&#8221; el_id=&#8221;colorescience&#8221;][vc_column_inner][vc_single_image image=&#8221;1347&#8243; img_size=&#8221;full&#8221; qode_css_animation=&#8221;&#8221;][vc_column_text]<\/p>\n<h2>Colorescience<\/h2>\n<p>Colorescience n&#8217;utilise que des min\u00e9raux, des antioxydants et des produits botaniques naturels et purs \u00e0 100 %. Ils sont brevet\u00e9s, publi\u00e9s et test\u00e9s cliniquement pour offrir un soin de la peau aujourd&#8217;hui et une am\u00e9lioration de la sant\u00e9 de la peau \u00e0 long terme. Des nuances faciles \u00e0 porter, des finis impeccables et une protection solaire in\u00e9gal\u00e9e.[\/vc_column_text][\/vc_column_inner][\/vc_row_inner][vc_row_inner row_type=&#8221;row&#8221; type=&#8221;full_width&#8221; text_align=&#8221;left&#8221; css_animation=&#8221;&#8221; el_id=&#8221;hiraskin&#8221;][vc_column_inner][vc_single_image image=&#8221;1348&#8243; img_size=&#8221;full&#8221; qode_css_animation=&#8221;&#8221;][vc_column_text]<\/p>\n<h2>Hiraskin\u2122<\/h2>\n<p>Voici HIRASKIN\u2122 : Des traitements r\u00e9volutionnaires au collag\u00e8ne pour la peau et le corps, riches en peptides de collag\u00e8ne. Nos produits scientifiquement avanc\u00e9s exploitent la biomim\u00e9tique et la recherche clinique pour lutter efficacement contre les signes du vieillissement. Avec des masques contenant 92% de collag\u00e8ne pur, de l&#8217;acide hyaluronique et du Liftonin\u00ae-Xpress, nos traitements rajeunissent rapidement la peau, en favorisant la production naturelle de collag\u00e8ne pour une restauration en profondeur, et en apportant une r\u00e9paration et une hydratation imm\u00e9diates. [\/vc_column_text][\/vc_column_inner][\/vc_row_inner][\/vc_column][\/vc_row]<\/p>\n<\/section>","protected":false},"excerpt":{"rendered":"<p>D\u00e9couvrez les secrets d&#8217;une peau radieuse et saine gr\u00e2ce \u00e0 nos formulations innovantes et aux conseils de nos experts.<\/p>\n","protected":false},"author":1,"featured_media":1343,"parent":0,"menu_order":0,"comment_status":"closed","ping_status":"closed","template":"full_width.php","meta":{"nf_dc_page":"","om_disable_all_campaigns":false,"_monsterinsights_skip_tracking":false,"_monsterinsights_sitenote_active":false,"_monsterinsights_sitenote_note":"","_monsterinsights_sitenote_category":0,"footnotes":""},"class_list":["post-1579","page","type-page","status-publish","has-post-thumbnail","hentry"],"acf":[],"yoast_head":"<!-- This site is optimized with the Yoast SEO plugin v27.4 - https:\/\/yoast.com\/product\/yoast-seo-wordpress\/ -->\n<title>Our products | Medical Spa Downtown Montreal<\/title>\n<meta name=\"description\" content=\"Nos produits | Clinique d&#039;esth\u00e9tique m\u00e9dicale au centreville de Montr\u00e9al. Esth\u00e9ticiennes expertes en soins de la peau\" \/>\n<meta name=\"robots\" content=\"index, follow, max-snippet:-1, max-image-preview:large, max-video-preview:-1\" \/>\n<link rel=\"canonical\" href=\"https:\/\/elle.clinic\/fr\/nos-produits\/\" \/>\n<meta property=\"og:locale\" content=\"fr_FR\" \/>\n<meta property=\"og:type\" content=\"article\" \/>\n<meta property=\"og:title\" content=\"Our products | Medical Spa Downtown Montreal\" \/>\n<meta property=\"og:description\" content=\"Nos produits | Clinique d&#039;esth\u00e9tique m\u00e9dicale au centreville de Montr\u00e9al. Esth\u00e9ticiennes expertes en soins de la peau\" \/>\n<meta property=\"og:url\" content=\"https:\/\/elle.clinic\/fr\/nos-produits\/\" \/>\n<meta property=\"og:site_name\" content=\"Elle Clinique Esth\u00e9tique Montr\u00e9al\" \/>\n<meta property=\"article:publisher\" content=\"https:\/\/www.instagram.com\/elle_montreal_clinique\/\" \/>\n<meta property=\"article:modified_time\" content=\"2026-04-11T05:05:54+00:00\" \/>\n<meta property=\"og:image\" content=\"https:\/\/elle.clinic\/wp-content\/uploads\/2024\/03\/prods.webp\" \/>\n\t<meta property=\"og:image:width\" content=\"765\" \/>\n\t<meta property=\"og:image:height\" content=\"1020\" \/>\n\t<meta property=\"og:image:type\" content=\"image\/webp\" \/>\n<meta name=\"twitter:card\" content=\"summary_large_image\" \/>\n<meta name=\"twitter:label1\" content=\"Dur\u00e9e de lecture estim\u00e9e\" \/>\n\t<meta name=\"twitter:data1\" content=\"3 minutes\" \/>\n<script type=\"application\/ld+json\" class=\"yoast-schema-graph\">{\"@context\":\"https:\\\/\\\/schema.org\",\"@graph\":[{\"@type\":\"WebPage\",\"@id\":\"https:\\\/\\\/elle.clinic\\\/fr\\\/nos-produits\\\/\",\"url\":\"https:\\\/\\\/elle.clinic\\\/fr\\\/nos-produits\\\/\",\"name\":\"Our products | Medical Spa Downtown Montreal\",\"isPartOf\":{\"@id\":\"https:\\\/\\\/kqu.kqm.mybluehost.me\\\/website_43a04015\\\/#website\"},\"primaryImageOfPage\":{\"@id\":\"https:\\\/\\\/elle.clinic\\\/fr\\\/nos-produits\\\/#primaryimage\"},\"image\":{\"@id\":\"https:\\\/\\\/elle.clinic\\\/fr\\\/nos-produits\\\/#primaryimage\"},\"thumbnailUrl\":\"https:\\\/\\\/i0.wp.com\\\/elle.clinic\\\/wp-content\\\/uploads\\\/2024\\\/03\\\/prods.webp?fit=765%2C1020&ssl=1\",\"datePublished\":\"2024-03-21T13:52:04+00:00\",\"dateModified\":\"2026-04-11T05:05:54+00:00\",\"description\":\"Nos produits | Clinique d'esth\u00e9tique m\u00e9dicale au centreville de Montr\u00e9al. Esth\u00e9ticiennes expertes en soins de la peau\",\"inLanguage\":\"fr-FR\",\"potentialAction\":[{\"@type\":\"ReadAction\",\"target\":[\"https:\\\/\\\/elle.clinic\\\/fr\\\/nos-produits\\\/\"]}]},{\"@type\":\"ImageObject\",\"inLanguage\":\"fr-FR\",\"@id\":\"https:\\\/\\\/elle.clinic\\\/fr\\\/nos-produits\\\/#primaryimage\",\"url\":\"https:\\\/\\\/i0.wp.com\\\/elle.clinic\\\/wp-content\\\/uploads\\\/2024\\\/03\\\/prods.webp?fit=765%2C1020&ssl=1\",\"contentUrl\":\"https:\\\/\\\/i0.wp.com\\\/elle.clinic\\\/wp-content\\\/uploads\\\/2024\\\/03\\\/prods.webp?fit=765%2C1020&ssl=1\",\"width\":765,\"height\":1020},{\"@type\":\"WebSite\",\"@id\":\"https:\\\/\\\/kqu.kqm.mybluehost.me\\\/website_43a04015\\\/#website\",\"url\":\"https:\\\/\\\/kqu.kqm.mybluehost.me\\\/website_43a04015\\\/\",\"name\":\"Elle Clinique Esth\u00e9tique Montr\u00e9al\",\"description\":\"\",\"publisher\":{\"@id\":\"https:\\\/\\\/kqu.kqm.mybluehost.me\\\/website_43a04015\\\/#organization\"},\"potentialAction\":[{\"@type\":\"SearchAction\",\"target\":{\"@type\":\"EntryPoint\",\"urlTemplate\":\"https:\\\/\\\/kqu.kqm.mybluehost.me\\\/website_43a04015\\\/?s={search_term_string}\"},\"query-input\":{\"@type\":\"PropertyValueSpecification\",\"valueRequired\":true,\"valueName\":\"search_term_string\"}}],\"inLanguage\":\"fr-FR\"},{\"@type\":\"Organization\",\"@id\":\"https:\\\/\\\/kqu.kqm.mybluehost.me\\\/website_43a04015\\\/#organization\",\"name\":\"Elle Clinique Esth\u00e9tique Montr\u00e9al\",\"url\":\"https:\\\/\\\/kqu.kqm.mybluehost.me\\\/website_43a04015\\\/\",\"logo\":{\"@type\":\"ImageObject\",\"inLanguage\":\"fr-FR\",\"@id\":\"https:\\\/\\\/kqu.kqm.mybluehost.me\\\/website_43a04015\\\/#\\\/schema\\\/logo\\\/image\\\/\",\"url\":\"https:\\\/\\\/elle.clinic\\\/wp-content\\\/uploads\\\/2024\\\/03\\\/elle-00.png\",\"contentUrl\":\"https:\\\/\\\/elle.clinic\\\/wp-content\\\/uploads\\\/2024\\\/03\\\/elle-00.png\",\"width\":800,\"height\":800,\"caption\":\"Elle Clinique Esth\u00e9tique Montr\u00e9al\"},\"image\":{\"@id\":\"https:\\\/\\\/kqu.kqm.mybluehost.me\\\/website_43a04015\\\/#\\\/schema\\\/logo\\\/image\\\/\"},\"sameAs\":[\"https:\\\/\\\/www.instagram.com\\\/elle_montreal_clinique\\\/\"]}]}<\/script>\n<!-- \/ Yoast SEO plugin. -->","yoast_head_json":{"title":"Our products | Medical Spa Downtown Montreal","description":"Nos produits | Clinique d'esth\u00e9tique m\u00e9dicale au centreville de Montr\u00e9al. Esth\u00e9ticiennes expertes en soins de la peau","robots":{"index":"index","follow":"follow","max-snippet":"max-snippet:-1","max-image-preview":"max-image-preview:large","max-video-preview":"max-video-preview:-1"},"canonical":"https:\/\/elle.clinic\/fr\/nos-produits\/","og_locale":"fr_FR","og_type":"article","og_title":"Our products | Medical Spa Downtown Montreal","og_description":"Nos produits | Clinique d'esth\u00e9tique m\u00e9dicale au centreville de Montr\u00e9al. Esth\u00e9ticiennes expertes en soins de la peau","og_url":"https:\/\/elle.clinic\/fr\/nos-produits\/","og_site_name":"Elle Clinique Esth\u00e9tique Montr\u00e9al","article_publisher":"https:\/\/www.instagram.com\/elle_montreal_clinique\/","article_modified_time":"2026-04-11T05:05:54+00:00","og_image":[{"width":765,"height":1020,"url":"https:\/\/elle.clinic\/wp-content\/uploads\/2024\/03\/prods.webp","type":"image\/webp"}],"twitter_card":"summary_large_image","twitter_misc":{"Dur\u00e9e de lecture estim\u00e9e":"3 minutes"},"schema":{"@context":"https:\/\/schema.org","@graph":[{"@type":"WebPage","@id":"https:\/\/elle.clinic\/fr\/nos-produits\/","url":"https:\/\/elle.clinic\/fr\/nos-produits\/","name":"Our products | Medical Spa Downtown Montreal","isPartOf":{"@id":"https:\/\/kqu.kqm.mybluehost.me\/website_43a04015\/#website"},"primaryImageOfPage":{"@id":"https:\/\/elle.clinic\/fr\/nos-produits\/#primaryimage"},"image":{"@id":"https:\/\/elle.clinic\/fr\/nos-produits\/#primaryimage"},"thumbnailUrl":"https:\/\/i0.wp.com\/elle.clinic\/wp-content\/uploads\/2024\/03\/prods.webp?fit=765%2C1020&ssl=1","datePublished":"2024-03-21T13:52:04+00:00","dateModified":"2026-04-11T05:05:54+00:00","description":"Nos produits | Clinique d'esth\u00e9tique m\u00e9dicale au centreville de Montr\u00e9al. Esth\u00e9ticiennes expertes en soins de la peau","inLanguage":"fr-FR","potentialAction":[{"@type":"ReadAction","target":["https:\/\/elle.clinic\/fr\/nos-produits\/"]}]},{"@type":"ImageObject","inLanguage":"fr-FR","@id":"https:\/\/elle.clinic\/fr\/nos-produits\/#primaryimage","url":"https:\/\/i0.wp.com\/elle.clinic\/wp-content\/uploads\/2024\/03\/prods.webp?fit=765%2C1020&ssl=1","contentUrl":"https:\/\/i0.wp.com\/elle.clinic\/wp-content\/uploads\/2024\/03\/prods.webp?fit=765%2C1020&ssl=1","width":765,"height":1020},{"@type":"WebSite","@id":"https:\/\/kqu.kqm.mybluehost.me\/website_43a04015\/#website","url":"https:\/\/kqu.kqm.mybluehost.me\/website_43a04015\/","name":"Elle Clinique Esth\u00e9tique Montr\u00e9al","description":"","publisher":{"@id":"https:\/\/kqu.kqm.mybluehost.me\/website_43a04015\/#organization"},"potentialAction":[{"@type":"SearchAction","target":{"@type":"EntryPoint","urlTemplate":"https:\/\/kqu.kqm.mybluehost.me\/website_43a04015\/?s={search_term_string}"},"query-input":{"@type":"PropertyValueSpecification","valueRequired":true,"valueName":"search_term_string"}}],"inLanguage":"fr-FR"},{"@type":"Organization","@id":"https:\/\/kqu.kqm.mybluehost.me\/website_43a04015\/#organization","name":"Elle Clinique Esth\u00e9tique Montr\u00e9al","url":"https:\/\/kqu.kqm.mybluehost.me\/website_43a04015\/","logo":{"@type":"ImageObject","inLanguage":"fr-FR","@id":"https:\/\/kqu.kqm.mybluehost.me\/website_43a04015\/#\/schema\/logo\/image\/","url":"https:\/\/elle.clinic\/wp-content\/uploads\/2024\/03\/elle-00.png","contentUrl":"https:\/\/elle.clinic\/wp-content\/uploads\/2024\/03\/elle-00.png","width":800,"height":800,"caption":"Elle Clinique Esth\u00e9tique Montr\u00e9al"},"image":{"@id":"https:\/\/kqu.kqm.mybluehost.me\/website_43a04015\/#\/schema\/logo\/image\/"},"sameAs":["https:\/\/www.instagram.com\/elle_montreal_clinique\/"]}]}},"jetpack_sharing_enabled":true,"_links":{"self":[{"href":"https:\/\/elle.clinic\/fr\/wp-json\/wp\/v2\/pages\/1579","targetHints":{"allow":["GET"]}}],"collection":[{"href":"https:\/\/elle.clinic\/fr\/wp-json\/wp\/v2\/pages"}],"about":[{"href":"https:\/\/elle.clinic\/fr\/wp-json\/wp\/v2\/types\/page"}],"author":[{"embeddable":true,"href":"https:\/\/elle.clinic\/fr\/wp-json\/wp\/v2\/users\/1"}],"replies":[{"embeddable":true,"href":"https:\/\/elle.clinic\/fr\/wp-json\/wp\/v2\/comments?post=1579"}],"version-history":[{"count":30,"href":"https:\/\/elle.clinic\/fr\/wp-json\/wp\/v2\/pages\/1579\/revisions"}],"predecessor-version":[{"id":1978,"href":"https:\/\/elle.clinic\/fr\/wp-json\/wp\/v2\/pages\/1579\/revisions\/1978"}],"wp:featuredmedia":[{"embeddable":true,"href":"https:\/\/elle.clinic\/fr\/wp-json\/wp\/v2\/media\/1343"}],"wp:attachment":[{"href":"https:\/\/elle.clinic\/fr\/wp-json\/wp\/v2\/media?parent=1579"}],"curies":[{"name":"wp","href":"https:\/\/api.w.org\/{rel}","templated":true}]}}