{"id":1584,"date":"2024-03-19T19:08:11","date_gmt":"2024-03-19T19:08:11","guid":{"rendered":"https:\/\/elle.clinic\/dr-yoel-moyal\/"},"modified":"2024-11-07T13:16:35","modified_gmt":"2024-11-07T13:16:35","slug":"dr-yoel-moyal","status":"publish","type":"page","link":"https:\/\/elle.clinic\/fr\/dr-yoel-moyal\/","title":{"rendered":"Dr. Yoel Moyal"},"content":{"rendered":"<section class=\"wpb-content-wrapper\"><p>[vc_row css_animation=&#8221;&#8221; row_type=&#8221;row&#8221; use_row_as_full_screen_section=&#8221;no&#8221; type=&#8221;grid&#8221; angled_section=&#8221;no&#8221; text_align=&#8221;left&#8221; background_image_as_pattern=&#8221;without_pattern&#8221; el_id=&#8221;page-title&#8221; z_index=&#8221;&#8221;][vc_column width=&#8221;1\/2&#8243;][vc_single_image image=&#8221;502&#8243; img_size=&#8221;full&#8221; alignment=&#8221;center&#8221; qode_css_animation=&#8221;&#8221;][\/vc_column][vc_column width=&#8221;1\/2&#8243;][vc_column_text]<\/p>\n<h2 class=\"double-left\">Dr Yoel Moyal <em>Dr Yoel Moyal<\/em><\/h2>\n<h3>MD CCFP FCFP DipPDerm<\/h3>\n<p><em class=\"cur\">Rajeunissez et rafra\u00eechissez en restaurant le volume, l&#8217;harmonie et les proportions. Adoucissez les rides d&#8217;expression et les contours du visage.<\/em>[\/vc_column_text]<div style=\"text-align:left\"><a href=\"https:\/\/elle.clinic\/fr\/reservez-une-consultation\/\" class=\"button button--mimas \" target=\"_self\"><div class=\"button__bg\"><\/div><span>R\u00c9SERVEZ UNE CONSULTATION<\/span><\/a><\/div>[\/vc_column][\/vc_row][vc_row css_animation=&#8221;&#8221; row_type=&#8221;row&#8221; use_row_as_full_screen_section=&#8221;no&#8221; type=&#8221;grid&#8221; angled_section=&#8221;no&#8221; text_align=&#8221;left&#8221; background_image_as_pattern=&#8221;without_pattern&#8221; z_index=&#8221;&#8221; el_id=&#8221;after-hero&#8221;][vc_column][vc_column_text]Le Dr Yoel Moyal est dipl\u00f4m\u00e9 de l&#8217;Universit\u00e9 McGill et de l&#8217;Universit\u00e9 Laval, avec une sp\u00e9cialisation en m\u00e9decine et un double dipl\u00f4me en m\u00e9decine. Il a \u00e9galement obtenu un dipl\u00f4me post-doctoral en dermatologie avec mention de la prestigieuse Universit\u00e9 de Cardiff, au Royaume-Uni.<\/p>\n<p>Le Dr Moyal poss\u00e8de une vaste exp\u00e9rience clinique et des \u00e9tudes m\u00e9dicales avanc\u00e9es au Canada, aux \u00c9tats-Unis, en Finlande et au Royaume-Uni. Il poss\u00e8de une excellente esth\u00e9tique, plus de 20 ans d&#8217;exp\u00e9rience en mati\u00e8re d&#8217;injections et de formation professionnelle et de conseils pour d&#8217;autres m\u00e9decins. [\/vc_column_text][\/vc_column][\/vc_row][vc_row css_animation=&#8221;&#8221; row_type=&#8221;row&#8221; use_row_as_full_screen_section=&#8221;no&#8221; type=&#8221;full_width&#8221; angled_section=&#8221;no&#8221; text_align=&#8221;left&#8221; background_image_as_pattern=&#8221;without_pattern&#8221; el_class=&#8221;text-right&#8221; z_index=&#8221;&#8221;][vc_column width=&#8221;1\/2&#8243;][vc_single_image image=&#8221;304&#8243; img_size=&#8221;full&#8221; qode_css_animation=&#8221;&#8221;][\/vc_column][vc_column width=&#8221;1\/2&#8243;][vc_column_text]Le Dr Moyal a suivi des cours sp\u00e9cialis\u00e9s en esth\u00e9tique pour les injections de neurotoxines et les comblements dermiques pour la restauration des pertes de volume. Il a compl\u00e9t\u00e9 avec succ\u00e8s sa formation en injection de varices \u00e0 la clinique de veines du Dr Debbie Martin \u00e0 Barrie (Ontario).<\/p>\n<p>Le docteur Moyal est \u00e0 la pointe des nouvelles techniques d&#8217;injection afin d&#8217;\u00e9largir continuellement le choix des zones pouvant \u00eatre trait\u00e9es et d&#8217;offrir \u00e0 ses patientes les derni\u00e8res innovations.[\/vc_column_text][\/vc_column][\/vc_row][vc_row css_animation=&#8221;&#8221; row_type=&#8221;row&#8221; use_row_as_full_screen_section=&#8221;no&#8221; type=&#8221;full_width&#8221; angled_section=&#8221;no&#8221; text_align=&#8221;left&#8221; background_image_as_pattern=&#8221;without_pattern&#8221; el_id=&#8221;mini&#8221; z_index=&#8221;&#8221;][vc_column][vc_column_text]<svg id=\"flower\" data-name=\"flower\" xmlns=\"http:\/\/www.w3.org\/2000\/svg\" viewBox=\"0 0 1728 1100.94\">\n  <defs>\n    <style>\n      .cls-1 {\n        fill: #d8c2b4;\n      }\n\n      .cls-2 {\n        fill: none;\n        stroke: #9a745a;\n        stroke-width: 2px;\n      }\n    <\/style>\n  <\/defs>\n  <rect class=\"cls-1\" x=\"-15\" y=\"269.22\" width=\"1758\" height=\"523\"\/>\n  <circle class=\"cls-2\" cx=\"-175.65\" cy=\"656.56\" r=\"425.5\"\/>\n  <circle class=\"cls-2\" cx=\"1929.39\" cy=\"405.25\" r=\"425.5\"\/>\n  <circle class=\"cls-2\" cx=\"175.98\" cy=\"449.4\" r=\"129\"\/>\n  <circle class=\"cls-2\" cx=\"1527.43\" cy=\"572.14\" r=\"166.89\"\/>\n<\/svg>[\/vc_column_text][vc_row_inner row_type=&#8221;row&#8221; type=&#8221;full_width&#8221; text_align=&#8221;left&#8221; css_animation=&#8221;&#8221;][vc_column_inner][vc_column_text]Rajeunir et rafra\u00eechir en restaurant le volume, l&#8217;harmonie et les proportions<\/p>\n<p>Prenez rendez-vous avec le Dr Yoel Moyal pour obtenir une \u00e9valuation compl\u00e8te et des recommandations de traitement.[\/vc_column_text]<div style=\"text-align:center\"><a href=\"https:\/\/elle.clinic\/fr\/reservez-une-consultation\/\" class=\"button button--mimas \" target=\"_self\"><div class=\"button__bg\"><\/div><span>PLANIFIER UNE CONSULTATION<\/span><\/a><\/div>[\/vc_column_inner][\/vc_row_inner][\/vc_column][\/vc_row][vc_row css_animation=&#8221;&#8221; row_type=&#8221;row&#8221; use_row_as_full_screen_section=&#8221;no&#8221; type=&#8221;full_width&#8221; angled_section=&#8221;no&#8221; text_align=&#8221;left&#8221; background_image_as_pattern=&#8221;without_pattern&#8221; z_index=&#8221;&#8221; el_class=&#8221;text-right&#8221;][vc_column width=&#8221;1\/2&#8243;]<div class=\"new-video\">\n        <a href=\"https:\/\/elle.clinic\/wp-content\/uploads\/2024\/03\/Dr-Yoel-Moyal-Injections.mp4\" id=\"vid-236\"><img decoding=\"async\" src=\"https:\/\/i0.wp.com\/elle.clinic\/wp-content\/uploads\/2024\/03\/Dr-Yoel-Moyal-Injections.jpg?fit=1280%2C720&ssl=1\"><div class=\"caption-wrap\"><h5>Injection par le Dr Yoel Moyal<\/h5>0:20<svg version=\"1.1\" id=\"play\" xmlns=\"http:\/\/www.w3.org\/2000\/svg\" xmlns:xlink=\"http:\/\/www.w3.org\/1999\/xlink\" x=\"0px\" y=\"0px\" height=\"100px\" width=\"100px\" viewBox=\"0 0 100 100\" enable-background=\"new 0 0 100 100\" xml:space=\"preserve\">\n        <path class=\"stroke-solid\" fill=\"none\" stroke=\"#ddbe72\" d=\"M49.9,2.5C23.6,2.8,2.1,24.4,2.5,50.4C2.9,76.5,24.7,98,50.3,97.5c26.4-0.6,47.4-21.8,47.2-47.7\n          C97.3,23.7,75.7,2.3,49.9,2.5\"><\/path>\n        <path class=\"icon\" fill=\"#ddbe72\" d=\"M38,69c-1,0.5-1.8,0-1.8-1.1V32.1c0-1.1,0.8-1.6,1.8-1.1l34,18c1,0.5,1,1.4,0,1.9L38,69z\"><\/path>\n      <\/svg><\/div><\/a><\/div>    <script>\n       \/\/ console.log(\"mp4\");\n        const $vid236 = document.getElementById(\"vid-236\");\n        const dynamicGallery236 = window.lightGallery($vid236, {\n        dynamic: true,\n        zoom: false,\n        mobileSettings: \t{ controls: false, showCloseIcon: true, download: false } ,\n        download: false,\n                share: false,\n        plugins: [lgVideo, lgThumbnail],\n        dynamicEl: [\n            {\n        video: {\n            \"source\": [{\n                \"src\": \"https:\/\/elle.clinic\/wp-content\/uploads\/2024\/03\/Dr-Yoel-Moyal-Injections.mp4\",\n                \"type\": \"video\/mp4\"\n            }],\n            \"attributes\": {\n                \"preload\": false,\n                \"controls\": true\n            }\n        },\n    \n        subHtml: \"<h4>Injection par le Dr Yoel Moyal<\/h4><p>0:20<\/p>\",\n        downloadUrl: false\n        },\n        ]\n    });\n    $vid236.addEventListener(\"click\", (e) => {\n        event.preventDefault();\n    dynamicGallery236.openGallery(0);\n    });\n  <\/script>\n  [\/vc_column][vc_column width=&#8221;1\/2&#8243;][vc_column_text]<\/p>\n<h2>Philosophie <em>Philosophie<\/em><\/h2>\n<h3><em>Rafra\u00eechir, rajeunir et adoucir \u2013<strong> naturellement<\/strong>.<\/em><\/h3>\n<p>Le docteur Moyal consacre le temps n\u00e9cessaire pour que chaque patiente vive une exp\u00e9rience agr\u00e9able et confortable. Reconnaissant le caract\u00e8re unique de chaque individu, il tient compte de sa musculature, de la structure de son visage et de ses attentes en mati\u00e8re de traitement.<\/p>\n<p>Le docteur Moyal saisit rapidement les d\u00e9sirs de ses patientes et s&#8217;engage dans des discussions approfondies, offrant des explications d\u00e9taill\u00e9es sur les proc\u00e9dures. Cette approche vise \u00e0 s&#8217;assurer que les patientes prennent des d\u00e9cisions \u00e9clair\u00e9es, bas\u00e9es sur la compr\u00e9hension. Il est important de noter qu&#8217;aucune pression n&#8217;est exerc\u00e9e sur le patient pour qu&#8217;il suive un traitement. Le docteur Moyal ne traite que les patientes qui se sentent \u00e0 l&#8217;aise avec leur d\u00e9cision et avec lui en tant qu&#8217;injecteur.[\/vc_column_text][\/vc_column][\/vc_row][vc_row css_animation=&#8221;&#8221; row_type=&#8221;row&#8221; use_row_as_full_screen_section=&#8221;no&#8221; type=&#8221;grid&#8221; angled_section=&#8221;no&#8221; text_align=&#8221;left&#8221; background_image_as_pattern=&#8221;without_pattern&#8221; el_id=&#8221;treatments&#8221; z_index=&#8221;&#8221;][vc_column][vc_column_text]<\/p>\n<h2 style=\"text-align: center;\">Traitements administr\u00e9s par le Dr Yoel Moyal<em>by Dr Yoel Moyal<\/em><\/h2>\n<p>[\/vc_column_text][vc_empty_space][vc_column_text el_class=&#8221;smaller&#8221;]<\/p>\n<h2 style=\"text-align: center;\">Injection cosm\u00e9tique<\/h2>\n<p>[\/vc_column_text][vc_row_inner row_type=&#8221;row&#8221; type=&#8221;full_width&#8221; text_align=&#8221;left&#8221; css_animation=&#8221;&#8221; el_class=&#8221;justify-center&#8221;][vc_column_inner width=&#8221;1\/4&#8243;][vc_single_image image=&#8221;560&#8243; img_size=&#8221;full&#8221; add_caption=&#8221;yes&#8221; alignment=&#8221;center&#8221; onclick=&#8221;custom_link&#8221; qode_css_animation=&#8221;&#8221; link=&#8221;https:\/\/elle.clinic\/fr\/procedure\/toxine-botulique\/&#8221;][\/vc_column_inner][vc_column_inner width=&#8221;1\/4&#8243;][vc_single_image image=&#8221;561&#8243; img_size=&#8221;full&#8221; add_caption=&#8221;yes&#8221; alignment=&#8221;center&#8221; onclick=&#8221;custom_link&#8221; qode_css_animation=&#8221;&#8221; link=&#8221;https:\/\/elle.clinic\/fr\/procedure\/comblement-dermique\/&#8221;][\/vc_column_inner][vc_column_inner width=&#8221;1\/4&#8243;][vc_single_image image=&#8221;559&#8243; img_size=&#8221;full&#8221; add_caption=&#8221;yes&#8221; alignment=&#8221;center&#8221; onclick=&#8221;custom_link&#8221; qode_css_animation=&#8221;&#8221; link=&#8221;https:\/\/elle.clinic\/fr\/procedure\/sculptra\/&#8221;][\/vc_column_inner][\/vc_row_inner][vc_column_text el_class=&#8221;smaller&#8221;]<\/p>\n<h2 style=\"text-align: center;\">Injection nutritive<\/h2>\n<p>[\/vc_column_text][vc_row_inner row_type=&#8221;row&#8221; type=&#8221;full_width&#8221; text_align=&#8221;left&#8221; css_animation=&#8221;&#8221; el_class=&#8221;justify-center&#8221;][vc_column_inner width=&#8221;1\/4&#8243;][vc_single_image image=&#8221;565&#8243; img_size=&#8221;full&#8221; add_caption=&#8221;yes&#8221; alignment=&#8221;center&#8221; onclick=&#8221;custom_link&#8221; qode_css_animation=&#8221;&#8221; link=&#8221;https:\/\/elle.clinic\/fr\/procedure\/rajeunissement-du-visage-par-prp\/&#8221;][\/vc_column_inner][vc_column_inner width=&#8221;1\/4&#8243;][vc_single_image image=&#8221;566&#8243; img_size=&#8221;full&#8221; add_caption=&#8221;yes&#8221; alignment=&#8221;center&#8221; onclick=&#8221;custom_link&#8221; qode_css_animation=&#8221;&#8221; link=&#8221;https:\/\/elle.clinic\/fr\/procedure\/filorga-nctf\/&#8221;][\/vc_column_inner][vc_column_inner width=&#8221;1\/4&#8243;][vc_single_image image=&#8221;567&#8243; img_size=&#8221;full&#8221; add_caption=&#8221;yes&#8221; alignment=&#8221;center&#8221; onclick=&#8221;custom_link&#8221; qode_css_animation=&#8221;&#8221; link=&#8221;https:\/\/elle.clinic\/fr\/procedure\/complexe-regenerateur-dexosomes\/&#8221;][\/vc_column_inner][\/vc_row_inner][\/vc_column][\/vc_row]<\/p>\n<\/section>","protected":false},"excerpt":{"rendered":"<p>[vc_row css_animation=&#8221;&#8221; row_type=&#8221;row&#8221; use_row_as_full_screen_section=&#8221;no&#8221; type=&#8221;grid&#8221; angled_section=&#8221;no&#8221; text_align=&#8221;left&#8221; background_image_as_pattern=&#8221;without_pattern&#8221; el_id=&#8221;page-title&#8221; z_index=&#8221;&#8221;][vc_column width=&#8221;1\/2&#8243;][vc_single_image image=&#8221;502&#8243; img_size=&#8221;full&#8221; alignment=&#8221;center&#8221; qode_css_animation=&#8221;&#8221;][\/vc_column][vc_column width=&#8221;1\/2&#8243;][vc_column_text] Dr Yoel Moyal Dr Yoel Moyal MD CCFP FCFP DipPDerm Rajeunissez et rafra\u00eechissez en restaurant le volume, l&#8217;harmonie et les proportions. Adoucissez les rides d&#8217;expression et les contours du&#8230;<\/p>\n","protected":false},"author":1,"featured_media":0,"parent":0,"menu_order":0,"comment_status":"closed","ping_status":"closed","template":"full_width.php","meta":{"nf_dc_page":"","om_disable_all_campaigns":false,"_monsterinsights_skip_tracking":false,"_monsterinsights_sitenote_active":false,"_monsterinsights_sitenote_note":"","_monsterinsights_sitenote_category":0,"footnotes":""},"class_list":["post-1584","page","type-page","status-publish","hentry"],"acf":[],"yoast_head":"<!-- This site is optimized with the Yoast SEO plugin v27.4 - https:\/\/yoast.com\/product\/yoast-seo-wordpress\/ -->\n<title>Dr. Yoel Moyal | Elle Clinique Esth\u00e9tique Montr\u00e9al<\/title>\n<meta name=\"description\" content=\"Dr. Yoel Moyal | Clinique d&#039;esth\u00e9tique m\u00e9dicale au centreville de Montr\u00e9al. Esth\u00e9ticiennes expertes en soins de la peau\" \/>\n<meta name=\"robots\" content=\"index, follow, max-snippet:-1, max-image-preview:large, max-video-preview:-1\" \/>\n<link rel=\"canonical\" href=\"https:\/\/elle.clinic\/fr\/dr-yoel-moyal\/\" \/>\n<meta property=\"og:locale\" content=\"fr_FR\" \/>\n<meta property=\"og:type\" content=\"article\" \/>\n<meta property=\"og:title\" content=\"Dr. Yoel Moyal | Elle Clinique Esth\u00e9tique Montr\u00e9al\" \/>\n<meta property=\"og:description\" content=\"Dr. Yoel Moyal | Clinique d&#039;esth\u00e9tique m\u00e9dicale au centreville de Montr\u00e9al. Esth\u00e9ticiennes expertes en soins de la peau\" \/>\n<meta property=\"og:url\" content=\"https:\/\/elle.clinic\/fr\/dr-yoel-moyal\/\" \/>\n<meta property=\"og:site_name\" content=\"Elle Clinique Esth\u00e9tique Montr\u00e9al\" \/>\n<meta property=\"article:publisher\" content=\"https:\/\/www.instagram.com\/elle_montreal_clinique\/\" \/>\n<meta property=\"article:modified_time\" content=\"2024-11-07T13:16:35+00:00\" \/>\n<meta property=\"og:image\" content=\"https:\/\/i0.wp.com\/elle.clinic\/wp-content\/uploads\/2024\/05\/elle-00.jpg?fit=1200%2C675&ssl=1\" \/>\n\t<meta property=\"og:image:width\" content=\"1200\" \/>\n\t<meta property=\"og:image:height\" content=\"675\" \/>\n\t<meta property=\"og:image:type\" content=\"image\/jpeg\" \/>\n<meta name=\"twitter:card\" content=\"summary_large_image\" \/>\n<meta name=\"twitter:label1\" content=\"Dur\u00e9e de lecture estim\u00e9e\" \/>\n\t<meta name=\"twitter:data1\" content=\"5 minutes\" \/>\n<script type=\"application\/ld+json\" class=\"yoast-schema-graph\">{\"@context\":\"https:\\\/\\\/schema.org\",\"@graph\":[{\"@type\":\"WebPage\",\"@id\":\"https:\\\/\\\/elle.clinic\\\/fr\\\/dr-yoel-moyal\\\/\",\"url\":\"https:\\\/\\\/elle.clinic\\\/fr\\\/dr-yoel-moyal\\\/\",\"name\":\"Dr. Yoel Moyal | Elle Clinique Esth\u00e9tique Montr\u00e9al\",\"isPartOf\":{\"@id\":\"https:\\\/\\\/kqu.kqm.mybluehost.me\\\/website_43a04015\\\/#website\"},\"datePublished\":\"2024-03-19T19:08:11+00:00\",\"dateModified\":\"2024-11-07T13:16:35+00:00\",\"description\":\"Dr. Yoel Moyal | Clinique d'esth\u00e9tique m\u00e9dicale au centreville de Montr\u00e9al. Esth\u00e9ticiennes expertes en soins de la peau\",\"inLanguage\":\"fr-FR\",\"potentialAction\":[{\"@type\":\"ReadAction\",\"target\":[\"https:\\\/\\\/elle.clinic\\\/fr\\\/dr-yoel-moyal\\\/\"]}]},{\"@type\":\"WebSite\",\"@id\":\"https:\\\/\\\/kqu.kqm.mybluehost.me\\\/website_43a04015\\\/#website\",\"url\":\"https:\\\/\\\/kqu.kqm.mybluehost.me\\\/website_43a04015\\\/\",\"name\":\"Elle Clinique Esth\u00e9tique Montr\u00e9al\",\"description\":\"\",\"publisher\":{\"@id\":\"https:\\\/\\\/kqu.kqm.mybluehost.me\\\/website_43a04015\\\/#organization\"},\"potentialAction\":[{\"@type\":\"SearchAction\",\"target\":{\"@type\":\"EntryPoint\",\"urlTemplate\":\"https:\\\/\\\/kqu.kqm.mybluehost.me\\\/website_43a04015\\\/?s={search_term_string}\"},\"query-input\":{\"@type\":\"PropertyValueSpecification\",\"valueRequired\":true,\"valueName\":\"search_term_string\"}}],\"inLanguage\":\"fr-FR\"},{\"@type\":\"Organization\",\"@id\":\"https:\\\/\\\/kqu.kqm.mybluehost.me\\\/website_43a04015\\\/#organization\",\"name\":\"Elle Clinique Esth\u00e9tique Montr\u00e9al\",\"url\":\"https:\\\/\\\/kqu.kqm.mybluehost.me\\\/website_43a04015\\\/\",\"logo\":{\"@type\":\"ImageObject\",\"inLanguage\":\"fr-FR\",\"@id\":\"https:\\\/\\\/kqu.kqm.mybluehost.me\\\/website_43a04015\\\/#\\\/schema\\\/logo\\\/image\\\/\",\"url\":\"https:\\\/\\\/elle.clinic\\\/wp-content\\\/uploads\\\/2024\\\/03\\\/elle-00.png\",\"contentUrl\":\"https:\\\/\\\/elle.clinic\\\/wp-content\\\/uploads\\\/2024\\\/03\\\/elle-00.png\",\"width\":800,\"height\":800,\"caption\":\"Elle Clinique Esth\u00e9tique Montr\u00e9al\"},\"image\":{\"@id\":\"https:\\\/\\\/kqu.kqm.mybluehost.me\\\/website_43a04015\\\/#\\\/schema\\\/logo\\\/image\\\/\"},\"sameAs\":[\"https:\\\/\\\/www.instagram.com\\\/elle_montreal_clinique\\\/\"]}]}<\/script>\n<!-- \/ Yoast SEO plugin. -->","yoast_head_json":{"title":"Dr. Yoel Moyal | Elle Clinique Esth\u00e9tique Montr\u00e9al","description":"Dr. Yoel Moyal | Clinique d'esth\u00e9tique m\u00e9dicale au centreville de Montr\u00e9al. Esth\u00e9ticiennes expertes en soins de la peau","robots":{"index":"index","follow":"follow","max-snippet":"max-snippet:-1","max-image-preview":"max-image-preview:large","max-video-preview":"max-video-preview:-1"},"canonical":"https:\/\/elle.clinic\/fr\/dr-yoel-moyal\/","og_locale":"fr_FR","og_type":"article","og_title":"Dr. Yoel Moyal | Elle Clinique Esth\u00e9tique Montr\u00e9al","og_description":"Dr. Yoel Moyal | Clinique d'esth\u00e9tique m\u00e9dicale au centreville de Montr\u00e9al. Esth\u00e9ticiennes expertes en soins de la peau","og_url":"https:\/\/elle.clinic\/fr\/dr-yoel-moyal\/","og_site_name":"Elle Clinique Esth\u00e9tique Montr\u00e9al","article_publisher":"https:\/\/www.instagram.com\/elle_montreal_clinique\/","article_modified_time":"2024-11-07T13:16:35+00:00","og_image":[{"width":1200,"height":675,"url":"https:\/\/i0.wp.com\/elle.clinic\/wp-content\/uploads\/2024\/05\/elle-00.jpg?fit=1200%2C675&ssl=1","type":"image\/jpeg"}],"twitter_card":"summary_large_image","twitter_misc":{"Dur\u00e9e de lecture estim\u00e9e":"5 minutes"},"schema":{"@context":"https:\/\/schema.org","@graph":[{"@type":"WebPage","@id":"https:\/\/elle.clinic\/fr\/dr-yoel-moyal\/","url":"https:\/\/elle.clinic\/fr\/dr-yoel-moyal\/","name":"Dr. Yoel Moyal | Elle Clinique Esth\u00e9tique Montr\u00e9al","isPartOf":{"@id":"https:\/\/kqu.kqm.mybluehost.me\/website_43a04015\/#website"},"datePublished":"2024-03-19T19:08:11+00:00","dateModified":"2024-11-07T13:16:35+00:00","description":"Dr. Yoel Moyal | Clinique d'esth\u00e9tique m\u00e9dicale au centreville de Montr\u00e9al. Esth\u00e9ticiennes expertes en soins de la peau","inLanguage":"fr-FR","potentialAction":[{"@type":"ReadAction","target":["https:\/\/elle.clinic\/fr\/dr-yoel-moyal\/"]}]},{"@type":"WebSite","@id":"https:\/\/kqu.kqm.mybluehost.me\/website_43a04015\/#website","url":"https:\/\/kqu.kqm.mybluehost.me\/website_43a04015\/","name":"Elle Clinique Esth\u00e9tique Montr\u00e9al","description":"","publisher":{"@id":"https:\/\/kqu.kqm.mybluehost.me\/website_43a04015\/#organization"},"potentialAction":[{"@type":"SearchAction","target":{"@type":"EntryPoint","urlTemplate":"https:\/\/kqu.kqm.mybluehost.me\/website_43a04015\/?s={search_term_string}"},"query-input":{"@type":"PropertyValueSpecification","valueRequired":true,"valueName":"search_term_string"}}],"inLanguage":"fr-FR"},{"@type":"Organization","@id":"https:\/\/kqu.kqm.mybluehost.me\/website_43a04015\/#organization","name":"Elle Clinique Esth\u00e9tique Montr\u00e9al","url":"https:\/\/kqu.kqm.mybluehost.me\/website_43a04015\/","logo":{"@type":"ImageObject","inLanguage":"fr-FR","@id":"https:\/\/kqu.kqm.mybluehost.me\/website_43a04015\/#\/schema\/logo\/image\/","url":"https:\/\/elle.clinic\/wp-content\/uploads\/2024\/03\/elle-00.png","contentUrl":"https:\/\/elle.clinic\/wp-content\/uploads\/2024\/03\/elle-00.png","width":800,"height":800,"caption":"Elle Clinique Esth\u00e9tique Montr\u00e9al"},"image":{"@id":"https:\/\/kqu.kqm.mybluehost.me\/website_43a04015\/#\/schema\/logo\/image\/"},"sameAs":["https:\/\/www.instagram.com\/elle_montreal_clinique\/"]}]}},"jetpack_sharing_enabled":true,"_links":{"self":[{"href":"https:\/\/elle.clinic\/fr\/wp-json\/wp\/v2\/pages\/1584","targetHints":{"allow":["GET"]}}],"collection":[{"href":"https:\/\/elle.clinic\/fr\/wp-json\/wp\/v2\/pages"}],"about":[{"href":"https:\/\/elle.clinic\/fr\/wp-json\/wp\/v2\/types\/page"}],"author":[{"embeddable":true,"href":"https:\/\/elle.clinic\/fr\/wp-json\/wp\/v2\/users\/1"}],"replies":[{"embeddable":true,"href":"https:\/\/elle.clinic\/fr\/wp-json\/wp\/v2\/comments?post=1584"}],"version-history":[{"count":2,"href":"https:\/\/elle.clinic\/fr\/wp-json\/wp\/v2\/pages\/1584\/revisions"}],"predecessor-version":[{"id":1586,"href":"https:\/\/elle.clinic\/fr\/wp-json\/wp\/v2\/pages\/1584\/revisions\/1586"}],"wp:attachment":[{"href":"https:\/\/elle.clinic\/fr\/wp-json\/wp\/v2\/media?parent=1584"}],"curies":[{"name":"wp","href":"https:\/\/api.w.org\/{rel}","templated":true}]}}