{"id":1593,"date":"2024-03-20T18:52:24","date_gmt":"2024-03-20T18:52:24","guid":{"rendered":"https:\/\/elle.clinic\/nos-promotions\/"},"modified":"2025-11-05T19:53:46","modified_gmt":"2025-11-05T19:53:46","slug":"nos-promotions","status":"publish","type":"page","link":"https:\/\/elle.clinic\/fr\/nos-promotions\/","title":{"rendered":"Nos promotions"},"content":{"rendered":"<section class=\"wpb-content-wrapper\"><p>[vc_row css_animation=&#8221;&#8221; row_type=&#8221;row&#8221; use_row_as_full_screen_section=&#8221;no&#8221; type=&#8221;grid&#8221; angled_section=&#8221;no&#8221; text_align=&#8221;left&#8221; background_image_as_pattern=&#8221;without_pattern&#8221; el_id=&#8221;after-hero&#8221; z_index=&#8221;&#8221;][vc_column][vc_column_text]<\/p>\n<h2 style=\"text-align: center;\">Nos promotions<\/h2>\n<p style=\"text-align: center; font-weight: 400; color: #303030;\">Lib\u00e9rez votre \u00e9clat : D\u00e9couvrez des promotions exclusives pour une beaut\u00e9 \u00e9clatante !<\/p>\n<p style=\"text-align: center;\">D\u00e9couvrez les promotions mensuelles de Elle Montr\u00e9al Clinique Esth\u00e9tique ! Embrassez une peau rajeunie gr\u00e2ce \u00e0 nos offres exclusives sur les traitements anti-\u00e2ge, le resurfa\u00e7age de la peau et le remodelage du corps. Que vous cherchiez \u00e0 remonter le temps, \u00e0 revitaliser votre peau ou \u00e0 sculpter votre corps \u00e0 la perfection, nos promotions sur mesure r\u00e9pondent \u00e0 vos objectifs esth\u00e9tiques uniques. D\u00e9couvrez le secret d&#8217;une beaut\u00e9 intemporelle gr\u00e2ce aux promotions imbattables de Elle Montr\u00e9al Clinique Esth\u00e9tique d\u00e8s aujourd&#8217;hui !<\/p>\n<p>[\/vc_column_text][\/vc_column][\/vc_row][vc_row css_animation=&#8221;&#8221; row_type=&#8221;row&#8221; use_row_as_full_screen_section=&#8221;no&#8221; type=&#8221;grid&#8221; angled_section=&#8221;no&#8221; text_align=&#8221;left&#8221; background_image_as_pattern=&#8221;without_pattern&#8221; z_index=&#8221;&#8221; el_class=&#8221;promo-images&#8221;][vc_column width=&#8221;1\/2&#8243; el_class=&#8221;self-flex-start&#8221;][vc_single_image image=&#8221;1829&#8243; img_size=&#8221;full&#8221; alignment=&#8221;center&#8221; onclick=&#8221;link_image&#8221; qode_css_animation=&#8221;&#8221;][vc_single_image image=&#8221;1838&#8243; img_size=&#8221;full&#8221; alignment=&#8221;center&#8221; onclick=&#8221;link_image&#8221; qode_css_animation=&#8221;&#8221;][\/vc_column][vc_column width=&#8221;1\/2&#8243; el_class=&#8221;self-flex-start&#8221;][vc_single_image image=&#8221;1834&#8243; img_size=&#8221;full&#8221; alignment=&#8221;center&#8221; onclick=&#8221;link_image&#8221; qode_css_animation=&#8221;&#8221;][\/vc_column][\/vc_row]<\/p>\n<\/section>","protected":false},"excerpt":{"rendered":"<p>[vc_row css_animation=&#8221;&#8221; row_type=&#8221;row&#8221; use_row_as_full_screen_section=&#8221;no&#8221; type=&#8221;grid&#8221; angled_section=&#8221;no&#8221; text_align=&#8221;left&#8221; background_image_as_pattern=&#8221;without_pattern&#8221; el_id=&#8221;after-hero&#8221; z_index=&#8221;&#8221;][vc_column][vc_column_text] Nos promotions Lib\u00e9rez votre \u00e9clat : D\u00e9couvrez des promotions exclusives pour une beaut\u00e9 \u00e9clatante ! D\u00e9couvrez les promotions mensuelles de Elle Montr\u00e9al Clinique Esth\u00e9tique ! Embrassez une peau rajeunie gr\u00e2ce \u00e0 nos offres exclusives sur&#8230;<\/p>\n","protected":false},"author":1,"featured_media":0,"parent":0,"menu_order":0,"comment_status":"closed","ping_status":"closed","template":"full_width.php","meta":{"nf_dc_page":"","om_disable_all_campaigns":false,"_monsterinsights_skip_tracking":false,"_monsterinsights_sitenote_active":false,"_monsterinsights_sitenote_note":"","_monsterinsights_sitenote_category":0,"footnotes":""},"class_list":["post-1593","page","type-page","status-publish","hentry"],"acf":[],"yoast_head":"<!-- This site is optimized with the Yoast SEO plugin v27.4 - https:\/\/yoast.com\/product\/yoast-seo-wordpress\/ -->\n<title>Nos promotions | Medical Spa Downtown Elle Clinic Montreal<\/title>\n<meta name=\"description\" content=\"Nos promotions | Clinique d&#039;esth\u00e9tique m\u00e9dicale au centreville de Montr\u00e9al. Esth\u00e9ticiennes expertes en soins de la peau\" \/>\n<meta name=\"robots\" content=\"index, follow, max-snippet:-1, max-image-preview:large, max-video-preview:-1\" \/>\n<link rel=\"canonical\" href=\"https:\/\/elle.clinic\/fr\/nos-promotions\/\" \/>\n<meta property=\"og:locale\" content=\"fr_FR\" \/>\n<meta property=\"og:type\" content=\"article\" \/>\n<meta property=\"og:title\" content=\"Nos promotions | Medical Spa Downtown Elle Clinic Montreal\" \/>\n<meta property=\"og:description\" content=\"Nos promotions | Clinique d&#039;esth\u00e9tique m\u00e9dicale au centreville de Montr\u00e9al. Esth\u00e9ticiennes expertes en soins de la peau\" \/>\n<meta property=\"og:url\" content=\"https:\/\/elle.clinic\/fr\/nos-promotions\/\" \/>\n<meta property=\"og:site_name\" content=\"Elle Clinique Esth\u00e9tique Montr\u00e9al\" \/>\n<meta property=\"article:publisher\" content=\"https:\/\/www.instagram.com\/elle_montreal_clinique\/\" \/>\n<meta property=\"article:modified_time\" content=\"2025-11-05T19:53:46+00:00\" \/>\n<meta property=\"og:image\" content=\"https:\/\/i0.wp.com\/elle.clinic\/wp-content\/uploads\/2024\/05\/elle-00.jpg?fit=1200%2C675&ssl=1\" \/>\n\t<meta property=\"og:image:width\" content=\"1200\" \/>\n\t<meta property=\"og:image:height\" content=\"675\" \/>\n\t<meta property=\"og:image:type\" content=\"image\/jpeg\" \/>\n<meta name=\"twitter:card\" content=\"summary_large_image\" \/>\n<meta name=\"twitter:label1\" content=\"Dur\u00e9e de lecture estim\u00e9e\" \/>\n\t<meta name=\"twitter:data1\" content=\"2 minutes\" \/>\n<script type=\"application\/ld+json\" class=\"yoast-schema-graph\">{\"@context\":\"https:\\\/\\\/schema.org\",\"@graph\":[{\"@type\":\"WebPage\",\"@id\":\"https:\\\/\\\/elle.clinic\\\/fr\\\/nos-promotions\\\/\",\"url\":\"https:\\\/\\\/elle.clinic\\\/fr\\\/nos-promotions\\\/\",\"name\":\"Nos promotions | Medical Spa Downtown Elle Clinic Montreal\",\"isPartOf\":{\"@id\":\"https:\\\/\\\/kqu.kqm.mybluehost.me\\\/website_43a04015\\\/#website\"},\"datePublished\":\"2024-03-20T18:52:24+00:00\",\"dateModified\":\"2025-11-05T19:53:46+00:00\",\"description\":\"Nos promotions | Clinique d'esth\u00e9tique m\u00e9dicale au centreville de Montr\u00e9al. Esth\u00e9ticiennes expertes en soins de la peau\",\"inLanguage\":\"fr-FR\",\"potentialAction\":[{\"@type\":\"ReadAction\",\"target\":[\"https:\\\/\\\/elle.clinic\\\/fr\\\/nos-promotions\\\/\"]}]},{\"@type\":\"WebSite\",\"@id\":\"https:\\\/\\\/kqu.kqm.mybluehost.me\\\/website_43a04015\\\/#website\",\"url\":\"https:\\\/\\\/kqu.kqm.mybluehost.me\\\/website_43a04015\\\/\",\"name\":\"Elle Clinique Esth\u00e9tique Montr\u00e9al\",\"description\":\"\",\"publisher\":{\"@id\":\"https:\\\/\\\/kqu.kqm.mybluehost.me\\\/website_43a04015\\\/#organization\"},\"potentialAction\":[{\"@type\":\"SearchAction\",\"target\":{\"@type\":\"EntryPoint\",\"urlTemplate\":\"https:\\\/\\\/kqu.kqm.mybluehost.me\\\/website_43a04015\\\/?s={search_term_string}\"},\"query-input\":{\"@type\":\"PropertyValueSpecification\",\"valueRequired\":true,\"valueName\":\"search_term_string\"}}],\"inLanguage\":\"fr-FR\"},{\"@type\":\"Organization\",\"@id\":\"https:\\\/\\\/kqu.kqm.mybluehost.me\\\/website_43a04015\\\/#organization\",\"name\":\"Elle Clinique Esth\u00e9tique Montr\u00e9al\",\"url\":\"https:\\\/\\\/kqu.kqm.mybluehost.me\\\/website_43a04015\\\/\",\"logo\":{\"@type\":\"ImageObject\",\"inLanguage\":\"fr-FR\",\"@id\":\"https:\\\/\\\/kqu.kqm.mybluehost.me\\\/website_43a04015\\\/#\\\/schema\\\/logo\\\/image\\\/\",\"url\":\"https:\\\/\\\/elle.clinic\\\/wp-content\\\/uploads\\\/2024\\\/03\\\/elle-00.png\",\"contentUrl\":\"https:\\\/\\\/elle.clinic\\\/wp-content\\\/uploads\\\/2024\\\/03\\\/elle-00.png\",\"width\":800,\"height\":800,\"caption\":\"Elle Clinique Esth\u00e9tique Montr\u00e9al\"},\"image\":{\"@id\":\"https:\\\/\\\/kqu.kqm.mybluehost.me\\\/website_43a04015\\\/#\\\/schema\\\/logo\\\/image\\\/\"},\"sameAs\":[\"https:\\\/\\\/www.instagram.com\\\/elle_montreal_clinique\\\/\"]}]}<\/script>\n<!-- \/ Yoast SEO plugin. -->","yoast_head_json":{"title":"Nos promotions | Medical Spa Downtown Elle Clinic Montreal","description":"Nos promotions | Clinique d'esth\u00e9tique m\u00e9dicale au centreville de Montr\u00e9al. Esth\u00e9ticiennes expertes en soins de la peau","robots":{"index":"index","follow":"follow","max-snippet":"max-snippet:-1","max-image-preview":"max-image-preview:large","max-video-preview":"max-video-preview:-1"},"canonical":"https:\/\/elle.clinic\/fr\/nos-promotions\/","og_locale":"fr_FR","og_type":"article","og_title":"Nos promotions | Medical Spa Downtown Elle Clinic Montreal","og_description":"Nos promotions | Clinique d'esth\u00e9tique m\u00e9dicale au centreville de Montr\u00e9al. Esth\u00e9ticiennes expertes en soins de la peau","og_url":"https:\/\/elle.clinic\/fr\/nos-promotions\/","og_site_name":"Elle Clinique Esth\u00e9tique Montr\u00e9al","article_publisher":"https:\/\/www.instagram.com\/elle_montreal_clinique\/","article_modified_time":"2025-11-05T19:53:46+00:00","og_image":[{"width":1200,"height":675,"url":"https:\/\/i0.wp.com\/elle.clinic\/wp-content\/uploads\/2024\/05\/elle-00.jpg?fit=1200%2C675&ssl=1","type":"image\/jpeg"}],"twitter_card":"summary_large_image","twitter_misc":{"Dur\u00e9e de lecture estim\u00e9e":"2 minutes"},"schema":{"@context":"https:\/\/schema.org","@graph":[{"@type":"WebPage","@id":"https:\/\/elle.clinic\/fr\/nos-promotions\/","url":"https:\/\/elle.clinic\/fr\/nos-promotions\/","name":"Nos promotions | Medical Spa Downtown Elle Clinic Montreal","isPartOf":{"@id":"https:\/\/kqu.kqm.mybluehost.me\/website_43a04015\/#website"},"datePublished":"2024-03-20T18:52:24+00:00","dateModified":"2025-11-05T19:53:46+00:00","description":"Nos promotions | Clinique d'esth\u00e9tique m\u00e9dicale au centreville de Montr\u00e9al. Esth\u00e9ticiennes expertes en soins de la peau","inLanguage":"fr-FR","potentialAction":[{"@type":"ReadAction","target":["https:\/\/elle.clinic\/fr\/nos-promotions\/"]}]},{"@type":"WebSite","@id":"https:\/\/kqu.kqm.mybluehost.me\/website_43a04015\/#website","url":"https:\/\/kqu.kqm.mybluehost.me\/website_43a04015\/","name":"Elle Clinique Esth\u00e9tique Montr\u00e9al","description":"","publisher":{"@id":"https:\/\/kqu.kqm.mybluehost.me\/website_43a04015\/#organization"},"potentialAction":[{"@type":"SearchAction","target":{"@type":"EntryPoint","urlTemplate":"https:\/\/kqu.kqm.mybluehost.me\/website_43a04015\/?s={search_term_string}"},"query-input":{"@type":"PropertyValueSpecification","valueRequired":true,"valueName":"search_term_string"}}],"inLanguage":"fr-FR"},{"@type":"Organization","@id":"https:\/\/kqu.kqm.mybluehost.me\/website_43a04015\/#organization","name":"Elle Clinique Esth\u00e9tique Montr\u00e9al","url":"https:\/\/kqu.kqm.mybluehost.me\/website_43a04015\/","logo":{"@type":"ImageObject","inLanguage":"fr-FR","@id":"https:\/\/kqu.kqm.mybluehost.me\/website_43a04015\/#\/schema\/logo\/image\/","url":"https:\/\/elle.clinic\/wp-content\/uploads\/2024\/03\/elle-00.png","contentUrl":"https:\/\/elle.clinic\/wp-content\/uploads\/2024\/03\/elle-00.png","width":800,"height":800,"caption":"Elle Clinique Esth\u00e9tique Montr\u00e9al"},"image":{"@id":"https:\/\/kqu.kqm.mybluehost.me\/website_43a04015\/#\/schema\/logo\/image\/"},"sameAs":["https:\/\/www.instagram.com\/elle_montreal_clinique\/"]}]}},"jetpack_sharing_enabled":true,"_links":{"self":[{"href":"https:\/\/elle.clinic\/fr\/wp-json\/wp\/v2\/pages\/1593","targetHints":{"allow":["GET"]}}],"collection":[{"href":"https:\/\/elle.clinic\/fr\/wp-json\/wp\/v2\/pages"}],"about":[{"href":"https:\/\/elle.clinic\/fr\/wp-json\/wp\/v2\/types\/page"}],"author":[{"embeddable":true,"href":"https:\/\/elle.clinic\/fr\/wp-json\/wp\/v2\/users\/1"}],"replies":[{"embeddable":true,"href":"https:\/\/elle.clinic\/fr\/wp-json\/wp\/v2\/comments?post=1593"}],"version-history":[{"count":14,"href":"https:\/\/elle.clinic\/fr\/wp-json\/wp\/v2\/pages\/1593\/revisions"}],"predecessor-version":[{"id":1840,"href":"https:\/\/elle.clinic\/fr\/wp-json\/wp\/v2\/pages\/1593\/revisions\/1840"}],"wp:attachment":[{"href":"https:\/\/elle.clinic\/fr\/wp-json\/wp\/v2\/media?parent=1593"}],"curies":[{"name":"wp","href":"https:\/\/api.w.org\/{rel}","templated":true}]}}