{"id":1596,"date":"2024-03-20T15:43:17","date_gmt":"2024-03-20T15:43:17","guid":{"rendered":"https:\/\/elle.clinic\/notre-clinique\/"},"modified":"2024-11-07T13:32:31","modified_gmt":"2024-11-07T13:32:31","slug":"notre-clinique","status":"publish","type":"page","link":"https:\/\/elle.clinic\/fr\/notre-clinique\/","title":{"rendered":"Notre clinique"},"content":{"rendered":"<section class=\"wpb-content-wrapper\"><p>[vc_row css_animation=&#8221;&#8221; row_type=&#8221;row&#8221; use_row_as_full_screen_section=&#8221;no&#8221; type=&#8221;full_width&#8221; angled_section=&#8221;no&#8221; text_align=&#8221;left&#8221; background_image_as_pattern=&#8221;without_pattern&#8221; el_id=&#8221;hero-page&#8221; el_class=&#8221;text-right&#8221; z_index=&#8221;&#8221;][vc_column width=&#8221;1\/2&#8243;][vc_single_image image=&#8221;533&#8243; img_size=&#8221;full&#8221; qode_css_animation=&#8221;&#8221;][\/vc_column][vc_column width=&#8221;1\/2&#8243;][vc_column_text]<\/p>\n<h2>Elle Montr\u00e9al Clinique<br \/>\n<em>Une \u00e9quipe d&#8217;experts d\u00e9vou\u00e9s<\/em><\/h2>\n<p>Bienvenue \u00e0 Elle Montr\u00e9al Clinique Esth\u00e9tique, o\u00f9 nous embrassons la beaut\u00e9 et l&#8217;unicit\u00e9 de chaque individu. Elle Montr\u00e9al Clinique est une clinique m\u00e9dico- esth\u00e9tique franchis\u00e9e de luxe situ\u00e9e \u00e0 Montr\u00e9al, disposant de deux luxueuses installations m\u00e9dicales et esth\u00e9tiques.[\/vc_column_text][\/vc_column][\/vc_row][vc_row css_animation=&#8221;&#8221; row_type=&#8221;row&#8221; use_row_as_full_screen_section=&#8221;no&#8221; type=&#8221;grid&#8221; angled_section=&#8221;no&#8221; text_align=&#8221;left&#8221; background_image_as_pattern=&#8221;without_pattern&#8221; z_index=&#8221;&#8221; el_id=&#8221;after-hero&#8221;][vc_column][vc_column_text]La boutique classique de la Rive-Sud a \u00e9t\u00e9 \u00e9tablie en 2019, \u00e0 la suite de l&#8217;ouverture de notre clinique phare SkinCeuticals au centre-ville de Montr\u00e9al en 2022. Assurer un traitement professionnel et la satisfaction des clients est notre priorit\u00e9 depuis la cr\u00e9ation de Elle Clinique.<\/p>\n<p>Notre \u00e9quipe \u00e0 Elle Montr\u00e9al Clinique est compos\u00e9e de m\u00e9decins estim\u00e9s, d&#8217;infirmi\u00e8res exp\u00e9riment\u00e9es et d&#8217;esth\u00e9ticiennes m\u00e9dicales hautement qualifi\u00e9es, ce qui fait de nous l&#8217;une des \u00e9quipes de spa m\u00e9dical les plus professionnelles et les plus d\u00e9vou\u00e9es de Montr\u00e9al. Nous accordons la priorit\u00e9 aux besoins de nos clients et nous nous effor\u00e7ons de fournir des solutions professionnelles et pratiques qui am\u00e9liorent votre bien-\u00eatre et vous permettent de vous sentir plus confiant.[\/vc_column_text][\/vc_column][\/vc_row][vc_row css_animation=&#8221;&#8221; row_type=&#8221;row&#8221; use_row_as_full_screen_section=&#8221;no&#8221; type=&#8221;full_width&#8221; angled_section=&#8221;no&#8221; text_align=&#8221;left&#8221; background_image_as_pattern=&#8221;without_pattern&#8221; el_class=&#8221;text-right&#8221; z_index=&#8221;&#8221;][vc_column width=&#8221;1\/2&#8243;][vc_single_image image=&#8221;664&#8243; img_size=&#8221;full&#8221; qode_css_animation=&#8221;&#8221;][\/vc_column][vc_column width=&#8221;1\/2&#8243;][vc_column_text]<\/p>\n<h2>Notre sp\u00e9cialisation<em>Notre sp\u00e9cialisation<\/em><\/h2>\n<p>\u00c0 la Clinique Elle Montr\u00e9al, nous sommes fiers de notre sp\u00e9cialisation dans la prise en charge d&#8217;une gamme vari\u00e9e de tons de peau, en particulier les tons de peau plus fonc\u00e9s et les types de peau asiatiques. Notre expertise couvre tous les types de peau (1 \u00e0 6), gr\u00e2ce \u00e0 nos connaissances approfondies, \u00e0 notre exp\u00e9rience et \u00e0 notre technologie de pointe. Alors que de nombreuses cliniques locales se concentrent sur le traitement des types de peau 1 \u00e0 3, nous comprenons les d\u00e9fis et les nuances uniques de la gestion des peaux plus fonc\u00e9es, en particulier les types 5 et sup\u00e9rieurs. Confiez votre peau \u00e0 des experts qui sont \u00e9quip\u00e9s pour offrir les meilleurs soins adapt\u00e9s \u00e0 vos besoins uniques.[\/vc_column_text][\/vc_column][\/vc_row][vc_row css_animation=&#8221;&#8221; row_type=&#8221;row&#8221; use_row_as_full_screen_section=&#8221;no&#8221; type=&#8221;full_width&#8221; angled_section=&#8221;no&#8221; text_align=&#8221;left&#8221; background_image_as_pattern=&#8221;without_pattern&#8221; el_id=&#8221;mini&#8221; z_index=&#8221;&#8221;][vc_column][vc_column_text]<svg id=\"flower\" data-name=\"flower\" xmlns=\"http:\/\/www.w3.org\/2000\/svg\" viewBox=\"0 0 1728 1100.94\">\n  <defs>\n    <style>\n      .cls-1 {\n        fill: #d8c2b4;\n      }\n\n      .cls-2 {\n        fill: none;\n        stroke: #9a745a;\n        stroke-width: 2px;\n      }\n    <\/style>\n  <\/defs>\n  <rect class=\"cls-1\" x=\"-15\" y=\"269.22\" width=\"1758\" height=\"523\"\/>\n  <circle class=\"cls-2\" cx=\"-175.65\" cy=\"656.56\" r=\"425.5\"\/>\n  <circle class=\"cls-2\" cx=\"1929.39\" cy=\"405.25\" r=\"425.5\"\/>\n  <circle class=\"cls-2\" cx=\"175.98\" cy=\"449.4\" r=\"129\"\/>\n  <circle class=\"cls-2\" cx=\"1527.43\" cy=\"572.14\" r=\"166.89\"\/>\n<\/svg>[\/vc_column_text][vc_row_inner row_type=&#8221;row&#8221; type=&#8221;full_width&#8221; text_align=&#8221;left&#8221; css_animation=&#8221;&#8221;][vc_column_inner][vc_column_text]<\/p>\n<p style=\"text-align: center;\">\u00c0 la Clinique Elle Montr\u00e9al, nous croyons que la vraie beaut\u00e9 transcende la surface de la peau et qu&#8217;elle est profond\u00e9ment li\u00e9e au bien-\u00eatre g\u00e9n\u00e9ral. Tous les services et produits que nous offrons sont ancr\u00e9s dans cette philosophie, visant \u00e0 am\u00e9liorer l&#8217;apparence ext\u00e9rieure et \u00e0 enrichir votre sens holistique du bien-\u00eatre.<\/p>\n<p>[\/vc_column_text]<div style=\"text-align:center\"><a href=\"https:\/\/elle.clinic\/fr\/reservez-une-consultation\/\" class=\"button button--mimas \" target=\"_self\"><div class=\"button__bg\"><\/div><span>R\u00c9SERVEZ UNE CONSULTATION<\/span><\/a><\/div>[\/vc_column_inner][\/vc_row_inner][\/vc_column][\/vc_row][vc_row css_animation=&#8221;&#8221; row_type=&#8221;row&#8221; use_row_as_full_screen_section=&#8221;no&#8221; type=&#8221;full_width&#8221; angled_section=&#8221;no&#8221; text_align=&#8221;left&#8221; background_image_as_pattern=&#8221;without_pattern&#8221; el_class=&#8221;text-right&#8221; z_index=&#8221;&#8221;][vc_column width=&#8221;1\/2&#8243;][vc_single_image image=&#8221;534&#8243; img_size=&#8221;full&#8221; qode_css_animation=&#8221;&#8221;][\/vc_column][vc_column width=&#8221;1\/2&#8243;][vc_column_text]<\/p>\n<h2>Vous \u00eates au centre<em>Vous \u00eates au centre<\/em><\/h2>\n<p>Dans notre clinique, chaque plan de traitement commence par vous. Nous adoptons une approche personnalis\u00e9e et orient\u00e9e vers le patient, en veillant \u00e0 ce que chaque recommandation soit adapt\u00e9e \u00e0 vos besoins et \u00e0 vos objectifs esth\u00e9tiques. Notre \u00e9quipe est \u00e0 l&#8217;\u00e9coute de vos pr\u00e9occupations et de vos aspirations afin d&#8217;\u00e9laborer un traitement sur mesure qui r\u00e9pond \u00e0 vos attentes et les d\u00e9passe, favorisant ainsi un partenariat qui nourrit la sant\u00e9 de votre peau et votre bien-\u00eatre g\u00e9n\u00e9ral.[\/vc_column_text]<div style=\"text-align:left\"><a href=\"https:\/\/elle.clinic\/fr\/our-treatments\/\" class=\"button button--mimas \" target=\"_self\"><div class=\"button__bg\"><\/div><span>VOIR NOS TRAITEMENTS<\/span><\/a><\/div>[\/vc_column][\/vc_row][vc_row css_animation=&#8221;&#8221; row_type=&#8221;row&#8221; use_row_as_full_screen_section=&#8221;no&#8221; type=&#8221;grid&#8221; angled_section=&#8221;no&#8221; text_align=&#8221;left&#8221; background_image_as_pattern=&#8221;without_pattern&#8221; el_id=&#8221;doctors&#8221; z_index=&#8221;&#8221;][vc_column][vc_column_text]<\/p>\n<h2 style=\"text-align: center;\">Nos m\u00e9decins<\/h2>\n<p>[\/vc_column_text][vc_row_inner row_type=&#8221;row&#8221; type=&#8221;full_width&#8221; text_align=&#8221;left&#8221; css_animation=&#8221;&#8221;][vc_column_inner width=&#8221;1\/2&#8243;][vc_single_image image=&#8221;502&#8243; img_size=&#8221;full&#8221; qode_css_animation=&#8221;&#8221;][vc_column_text]<\/p>\n<h3>Dr Yoel Moyal<\/h3>\n<div style=\"text-align:left\"><a href=\"https:\/\/elle.clinic\/fr\/dr-yoel-moyal\/\" class=\"button button--mimas \" target=\"_self\"><div class=\"button__bg\"><\/div><span>VOIR LA BIOGRAPHIE<\/span><\/a><\/div>[\/vc_column_text][\/vc_column_inner][vc_column_inner width=&#8221;1\/2&#8243;][vc_single_image image=&#8221;752&#8243; img_size=&#8221;full&#8221; qode_css_animation=&#8221;&#8221;][vc_column_text]<\/p>\n<h3>Dr Rolla Hraibeh<\/h3>\n<div style=\"text-align:left\"><a href=\"https:\/\/elle.clinic\/fr\/dr-rolla-hraibeh\/\" class=\"button button--mimas \" target=\"_self\"><div class=\"button__bg\"><\/div><span>VOIR LA BIOGRAPHIE<\/span><\/a><\/div>[\/vc_column_text][\/vc_column_inner][\/vc_row_inner][\/vc_column][\/vc_row][vc_row css_animation=&#8221;&#8221; row_type=&#8221;row&#8221; use_row_as_full_screen_section=&#8221;no&#8221; type=&#8221;full_width&#8221; angled_section=&#8221;no&#8221; text_align=&#8221;left&#8221; background_image_as_pattern=&#8221;without_pattern&#8221; el_class=&#8221;text-right&#8221; z_index=&#8221;&#8221;][vc_column width=&#8221;1\/2&#8243;]<div class=\"new-video\">\n        <a href=\"https:\/\/elle.clinic\/wp-content\/uploads\/2024\/03\/SkinCueticals-Representative-about-Elle-Clinique-Montreal.mp4\" id=\"vid-571\"><img decoding=\"async\" src=\"https:\/\/i0.wp.com\/elle.clinic\/wp-content\/uploads\/2024\/03\/SkinCueticals-Representative-about-Elle-Clinique-Montreal.jpg?fit=1280%2C720&ssl=1\"><div class=\"caption-wrap\"><h5>Repr\u00e9sentant de SkinCueticals \u00e0 propos de Elle Clinique Montr\u00e9al<\/h5>1:35<svg version=\"1.1\" id=\"play\" xmlns=\"http:\/\/www.w3.org\/2000\/svg\" xmlns:xlink=\"http:\/\/www.w3.org\/1999\/xlink\" x=\"0px\" y=\"0px\" height=\"100px\" width=\"100px\" viewBox=\"0 0 100 100\" enable-background=\"new 0 0 100 100\" xml:space=\"preserve\">\n        <path class=\"stroke-solid\" fill=\"none\" stroke=\"#ddbe72\" d=\"M49.9,2.5C23.6,2.8,2.1,24.4,2.5,50.4C2.9,76.5,24.7,98,50.3,97.5c26.4-0.6,47.4-21.8,47.2-47.7\n          C97.3,23.7,75.7,2.3,49.9,2.5\"><\/path>\n        <path class=\"icon\" fill=\"#ddbe72\" d=\"M38,69c-1,0.5-1.8,0-1.8-1.1V32.1c0-1.1,0.8-1.6,1.8-1.1l34,18c1,0.5,1,1.4,0,1.9L38,69z\"><\/path>\n      <\/svg><\/div><\/a><\/div>    <script>\n       \/\/ console.log(\"mp4\");\n        const $vid571 = document.getElementById(\"vid-571\");\n        const dynamicGallery571 = window.lightGallery($vid571, {\n        dynamic: true,\n        zoom: false,\n        mobileSettings: \t{ controls: false, showCloseIcon: true, download: false } ,\n        download: false,\n                share: false,\n        plugins: [lgVideo, lgThumbnail],\n        dynamicEl: [\n            {\n        video: {\n            \"source\": [{\n                \"src\": \"https:\/\/elle.clinic\/wp-content\/uploads\/2024\/03\/SkinCueticals-Representative-about-Elle-Clinique-Montreal.mp4\",\n                \"type\": \"video\/mp4\"\n            }],\n            \"attributes\": {\n                \"preload\": false,\n                \"controls\": true\n            }\n        },\n    \n        subHtml: \"<h4>Repr\u00e9sentant de SkinCueticals \u00e0 propos de Elle Clinique Montr\u00e9al<\/h4><p>1:35<\/p>\",\n        downloadUrl: false\n        },\n        ]\n    });\n    $vid571.addEventListener(\"click\", (e) => {\n        event.preventDefault();\n    dynamicGallery571.openGallery(0);\n    });\n  <\/script>\n  [\/vc_column][vc_column width=&#8221;1\/2&#8243;][vc_column_text]<\/p>\n<h2>Des solutions innovantes pour les meilleurs r\u00e9sultats <em>Des solutions innovantes<\/em><\/h2>\n<p>Nous nous effor\u00e7ons d&#8217;int\u00e9grer des solutions innovantes aux technologies et produits les plus s\u00fbrs et les plus efficaces dans le domaine de l&#8217;esth\u00e9tique. Nous utilisons des appareils de premier ordre tels que Fotona, Cynosure et Inmode pour obtenir des r\u00e9sultats de qualit\u00e9 sup\u00e9rieure. En compl\u00e9ment de ces technologies, nous proposons les produits SkinCeuticals, r\u00e9put\u00e9s pour leur approche scientifique des soins de la peau, afin d&#8217;offrir une exp\u00e9rience de traitement compl\u00e8te et avanc\u00e9e, adapt\u00e9e aux besoins uniques de chaque client.[\/vc_column_text]<div style=\"text-align:left\"><a href=\"https:\/\/elle.clinic\/fr\/nos-appareils\/\" class=\"button button--mimas \" target=\"_self\"><div class=\"button__bg\"><\/div><span>VOIR LES APPAREILS<\/span><\/a><\/div>[\/vc_column][\/vc_row]<\/p>\n<\/section>","protected":false},"excerpt":{"rendered":"<p>[vc_row css_animation=&#8221;&#8221; row_type=&#8221;row&#8221; use_row_as_full_screen_section=&#8221;no&#8221; type=&#8221;full_width&#8221; angled_section=&#8221;no&#8221; text_align=&#8221;left&#8221; background_image_as_pattern=&#8221;without_pattern&#8221; el_id=&#8221;hero-page&#8221; el_class=&#8221;text-right&#8221; z_index=&#8221;&#8221;][vc_column width=&#8221;1\/2&#8243;][vc_single_image image=&#8221;533&#8243; img_size=&#8221;full&#8221; qode_css_animation=&#8221;&#8221;][\/vc_column][vc_column width=&#8221;1\/2&#8243;][vc_column_text] Elle Montr\u00e9al Clinique Une \u00e9quipe d&#8217;experts d\u00e9vou\u00e9s Bienvenue \u00e0 Elle Montr\u00e9al Clinique Esth\u00e9tique, o\u00f9 nous embrassons la beaut\u00e9 et l&#8217;unicit\u00e9 de chaque individu. Elle Montr\u00e9al Clinique est une clinique&#8230;<\/p>\n","protected":false},"author":1,"featured_media":0,"parent":0,"menu_order":0,"comment_status":"closed","ping_status":"closed","template":"full_width.php","meta":{"nf_dc_page":"","om_disable_all_campaigns":false,"_monsterinsights_skip_tracking":false,"_monsterinsights_sitenote_active":false,"_monsterinsights_sitenote_note":"","_monsterinsights_sitenote_category":0,"footnotes":""},"class_list":["post-1596","page","type-page","status-publish","hentry"],"acf":[],"yoast_head":"<!-- This site is optimized with the Yoast SEO plugin v27.4 - https:\/\/yoast.com\/product\/yoast-seo-wordpress\/ -->\n<title>Notre clinique | Elle Clinique Esth\u00e9tique Montr\u00e9al<\/title>\n<meta name=\"description\" content=\"Notre clinique | Clinique d&#039;esth\u00e9tique m\u00e9dicale au centreville de Montr\u00e9al. Esth\u00e9ticiennes expertes en soins de la peau\" \/>\n<meta name=\"robots\" content=\"index, follow, max-snippet:-1, max-image-preview:large, max-video-preview:-1\" \/>\n<link rel=\"canonical\" href=\"https:\/\/elle.clinic\/fr\/notre-clinique\/\" \/>\n<meta property=\"og:locale\" content=\"fr_FR\" \/>\n<meta property=\"og:type\" content=\"article\" \/>\n<meta property=\"og:title\" content=\"Notre clinique | Elle Clinique Esth\u00e9tique Montr\u00e9al\" \/>\n<meta property=\"og:description\" content=\"Notre clinique | Clinique d&#039;esth\u00e9tique m\u00e9dicale au centreville de Montr\u00e9al. Esth\u00e9ticiennes expertes en soins de la peau\" \/>\n<meta property=\"og:url\" content=\"https:\/\/elle.clinic\/fr\/notre-clinique\/\" \/>\n<meta property=\"og:site_name\" content=\"Elle Clinique Esth\u00e9tique Montr\u00e9al\" \/>\n<meta property=\"article:publisher\" content=\"https:\/\/www.instagram.com\/elle_montreal_clinique\/\" \/>\n<meta property=\"article:modified_time\" content=\"2024-11-07T13:32:31+00:00\" \/>\n<meta property=\"og:image\" content=\"https:\/\/i0.wp.com\/elle.clinic\/wp-content\/uploads\/2024\/05\/elle-00.jpg?fit=1200%2C675&ssl=1\" \/>\n\t<meta property=\"og:image:width\" content=\"1200\" \/>\n\t<meta property=\"og:image:height\" content=\"675\" \/>\n\t<meta property=\"og:image:type\" content=\"image\/jpeg\" \/>\n<meta name=\"twitter:card\" content=\"summary_large_image\" \/>\n<meta name=\"twitter:label1\" content=\"Dur\u00e9e de lecture estim\u00e9e\" \/>\n\t<meta name=\"twitter:data1\" content=\"6 minutes\" \/>\n<script type=\"application\/ld+json\" class=\"yoast-schema-graph\">{\"@context\":\"https:\\\/\\\/schema.org\",\"@graph\":[{\"@type\":\"WebPage\",\"@id\":\"https:\\\/\\\/elle.clinic\\\/fr\\\/notre-clinique\\\/\",\"url\":\"https:\\\/\\\/elle.clinic\\\/fr\\\/notre-clinique\\\/\",\"name\":\"Notre clinique | Elle Clinique Esth\u00e9tique Montr\u00e9al\",\"isPartOf\":{\"@id\":\"https:\\\/\\\/kqu.kqm.mybluehost.me\\\/website_43a04015\\\/#website\"},\"datePublished\":\"2024-03-20T15:43:17+00:00\",\"dateModified\":\"2024-11-07T13:32:31+00:00\",\"description\":\"Notre clinique | Clinique d'esth\u00e9tique m\u00e9dicale au centreville de Montr\u00e9al. Esth\u00e9ticiennes expertes en soins de la peau\",\"inLanguage\":\"fr-FR\",\"potentialAction\":[{\"@type\":\"ReadAction\",\"target\":[\"https:\\\/\\\/elle.clinic\\\/fr\\\/notre-clinique\\\/\"]}]},{\"@type\":\"WebSite\",\"@id\":\"https:\\\/\\\/kqu.kqm.mybluehost.me\\\/website_43a04015\\\/#website\",\"url\":\"https:\\\/\\\/kqu.kqm.mybluehost.me\\\/website_43a04015\\\/\",\"name\":\"Elle Clinique Esth\u00e9tique Montr\u00e9al\",\"description\":\"\",\"publisher\":{\"@id\":\"https:\\\/\\\/kqu.kqm.mybluehost.me\\\/website_43a04015\\\/#organization\"},\"potentialAction\":[{\"@type\":\"SearchAction\",\"target\":{\"@type\":\"EntryPoint\",\"urlTemplate\":\"https:\\\/\\\/kqu.kqm.mybluehost.me\\\/website_43a04015\\\/?s={search_term_string}\"},\"query-input\":{\"@type\":\"PropertyValueSpecification\",\"valueRequired\":true,\"valueName\":\"search_term_string\"}}],\"inLanguage\":\"fr-FR\"},{\"@type\":\"Organization\",\"@id\":\"https:\\\/\\\/kqu.kqm.mybluehost.me\\\/website_43a04015\\\/#organization\",\"name\":\"Elle Clinique Esth\u00e9tique Montr\u00e9al\",\"url\":\"https:\\\/\\\/kqu.kqm.mybluehost.me\\\/website_43a04015\\\/\",\"logo\":{\"@type\":\"ImageObject\",\"inLanguage\":\"fr-FR\",\"@id\":\"https:\\\/\\\/kqu.kqm.mybluehost.me\\\/website_43a04015\\\/#\\\/schema\\\/logo\\\/image\\\/\",\"url\":\"https:\\\/\\\/elle.clinic\\\/wp-content\\\/uploads\\\/2024\\\/03\\\/elle-00.png\",\"contentUrl\":\"https:\\\/\\\/elle.clinic\\\/wp-content\\\/uploads\\\/2024\\\/03\\\/elle-00.png\",\"width\":800,\"height\":800,\"caption\":\"Elle Clinique Esth\u00e9tique Montr\u00e9al\"},\"image\":{\"@id\":\"https:\\\/\\\/kqu.kqm.mybluehost.me\\\/website_43a04015\\\/#\\\/schema\\\/logo\\\/image\\\/\"},\"sameAs\":[\"https:\\\/\\\/www.instagram.com\\\/elle_montreal_clinique\\\/\"]}]}<\/script>\n<!-- \/ Yoast SEO plugin. -->","yoast_head_json":{"title":"Notre clinique | Elle Clinique Esth\u00e9tique Montr\u00e9al","description":"Notre clinique | Clinique d'esth\u00e9tique m\u00e9dicale au centreville de Montr\u00e9al. Esth\u00e9ticiennes expertes en soins de la peau","robots":{"index":"index","follow":"follow","max-snippet":"max-snippet:-1","max-image-preview":"max-image-preview:large","max-video-preview":"max-video-preview:-1"},"canonical":"https:\/\/elle.clinic\/fr\/notre-clinique\/","og_locale":"fr_FR","og_type":"article","og_title":"Notre clinique | Elle Clinique Esth\u00e9tique Montr\u00e9al","og_description":"Notre clinique | Clinique d'esth\u00e9tique m\u00e9dicale au centreville de Montr\u00e9al. Esth\u00e9ticiennes expertes en soins de la peau","og_url":"https:\/\/elle.clinic\/fr\/notre-clinique\/","og_site_name":"Elle Clinique Esth\u00e9tique Montr\u00e9al","article_publisher":"https:\/\/www.instagram.com\/elle_montreal_clinique\/","article_modified_time":"2024-11-07T13:32:31+00:00","og_image":[{"width":1200,"height":675,"url":"https:\/\/i0.wp.com\/elle.clinic\/wp-content\/uploads\/2024\/05\/elle-00.jpg?fit=1200%2C675&ssl=1","type":"image\/jpeg"}],"twitter_card":"summary_large_image","twitter_misc":{"Dur\u00e9e de lecture estim\u00e9e":"6 minutes"},"schema":{"@context":"https:\/\/schema.org","@graph":[{"@type":"WebPage","@id":"https:\/\/elle.clinic\/fr\/notre-clinique\/","url":"https:\/\/elle.clinic\/fr\/notre-clinique\/","name":"Notre clinique | Elle Clinique Esth\u00e9tique Montr\u00e9al","isPartOf":{"@id":"https:\/\/kqu.kqm.mybluehost.me\/website_43a04015\/#website"},"datePublished":"2024-03-20T15:43:17+00:00","dateModified":"2024-11-07T13:32:31+00:00","description":"Notre clinique | Clinique d'esth\u00e9tique m\u00e9dicale au centreville de Montr\u00e9al. Esth\u00e9ticiennes expertes en soins de la peau","inLanguage":"fr-FR","potentialAction":[{"@type":"ReadAction","target":["https:\/\/elle.clinic\/fr\/notre-clinique\/"]}]},{"@type":"WebSite","@id":"https:\/\/kqu.kqm.mybluehost.me\/website_43a04015\/#website","url":"https:\/\/kqu.kqm.mybluehost.me\/website_43a04015\/","name":"Elle Clinique Esth\u00e9tique Montr\u00e9al","description":"","publisher":{"@id":"https:\/\/kqu.kqm.mybluehost.me\/website_43a04015\/#organization"},"potentialAction":[{"@type":"SearchAction","target":{"@type":"EntryPoint","urlTemplate":"https:\/\/kqu.kqm.mybluehost.me\/website_43a04015\/?s={search_term_string}"},"query-input":{"@type":"PropertyValueSpecification","valueRequired":true,"valueName":"search_term_string"}}],"inLanguage":"fr-FR"},{"@type":"Organization","@id":"https:\/\/kqu.kqm.mybluehost.me\/website_43a04015\/#organization","name":"Elle Clinique Esth\u00e9tique Montr\u00e9al","url":"https:\/\/kqu.kqm.mybluehost.me\/website_43a04015\/","logo":{"@type":"ImageObject","inLanguage":"fr-FR","@id":"https:\/\/kqu.kqm.mybluehost.me\/website_43a04015\/#\/schema\/logo\/image\/","url":"https:\/\/elle.clinic\/wp-content\/uploads\/2024\/03\/elle-00.png","contentUrl":"https:\/\/elle.clinic\/wp-content\/uploads\/2024\/03\/elle-00.png","width":800,"height":800,"caption":"Elle Clinique Esth\u00e9tique Montr\u00e9al"},"image":{"@id":"https:\/\/kqu.kqm.mybluehost.me\/website_43a04015\/#\/schema\/logo\/image\/"},"sameAs":["https:\/\/www.instagram.com\/elle_montreal_clinique\/"]}]}},"jetpack_sharing_enabled":true,"_links":{"self":[{"href":"https:\/\/elle.clinic\/fr\/wp-json\/wp\/v2\/pages\/1596","targetHints":{"allow":["GET"]}}],"collection":[{"href":"https:\/\/elle.clinic\/fr\/wp-json\/wp\/v2\/pages"}],"about":[{"href":"https:\/\/elle.clinic\/fr\/wp-json\/wp\/v2\/types\/page"}],"author":[{"embeddable":true,"href":"https:\/\/elle.clinic\/fr\/wp-json\/wp\/v2\/users\/1"}],"replies":[{"embeddable":true,"href":"https:\/\/elle.clinic\/fr\/wp-json\/wp\/v2\/comments?post=1596"}],"version-history":[{"count":2,"href":"https:\/\/elle.clinic\/fr\/wp-json\/wp\/v2\/pages\/1596\/revisions"}],"predecessor-version":[{"id":1598,"href":"https:\/\/elle.clinic\/fr\/wp-json\/wp\/v2\/pages\/1596\/revisions\/1598"}],"wp:attachment":[{"href":"https:\/\/elle.clinic\/fr\/wp-json\/wp\/v2\/media?parent=1596"}],"curies":[{"name":"wp","href":"https:\/\/api.w.org\/{rel}","templated":true}]}}