{"id":1606,"date":"2024-03-20T14:11:26","date_gmt":"2024-03-20T14:11:26","guid":{"rendered":"https:\/\/elle.clinic\/contact\/"},"modified":"2026-01-27T21:53:36","modified_gmt":"2026-01-27T21:53:36","slug":"contact","status":"publish","type":"page","link":"https:\/\/elle.clinic\/fr\/contact\/","title":{"rendered":"Contact"},"content":{"rendered":"<section class=\"wpb-content-wrapper\"><p>[vc_row css_animation=&#8221;&#8221; row_type=&#8221;row&#8221; use_row_as_full_screen_section=&#8221;no&#8221; type=&#8221;grid&#8221; angled_section=&#8221;no&#8221; text_align=&#8221;left&#8221; background_image_as_pattern=&#8221;without_pattern&#8221; z_index=&#8221;&#8221; el_id=&#8221;contactus&#8221;][vc_column width=&#8221;1\/2&#8243;][vc_column_text]<\/p>\n<h2>Elle Montr\u00e9al Clinique Esth\u00e9tique<br \/>\n<em>M\u00e9dico-Esth\u00e9tique<\/em><\/h2>\n<p>[\/vc_column_text][vc_column_text el_class=&#8221;hours&#8221;]<\/p>\n<h4>Heures d&#8217;ouverture :<\/h4>\n<table>\n<tbody>\n<tr>\n<td>Lundi<\/td>\n<td>Ferm\u00e9<\/td>\n<\/tr>\n<tr>\n<td>Mardi<\/td>\n<td>10h00-18h00<\/td>\n<\/tr>\n<tr>\n<td>Mercredi<\/td>\n<td>10h00-18h00<\/td>\n<\/tr>\n<tr>\n<td>Jeudi<\/td>\n<td>10h00-18h00<\/td>\n<\/tr>\n<tr>\n<td>Vendredi<\/td>\n<td>10h00-18h00<\/td>\n<\/tr>\n<tr>\n<td>Samedi<\/td>\n<td>10h00-18h00<\/td>\n<\/tr>\n<tr>\n<td>Dimanche<\/td>\n<td>Ferm\u00e9<\/td>\n<\/tr>\n<\/tbody>\n<\/table>\n<p>[\/vc_column_text][\/vc_column][vc_column width=&#8221;1\/2&#8243;][vc_column_text]<\/p>\n<h4>Contactez nous<\/h4>\n<p>N&#8217;h\u00e9sitez pas \u00e0 nous contacter pour toute question ou assistance.[\/vc_column_text]\n<div class=\"wpcf7 no-js\" id=\"wpcf7-f1626-o1\" lang=\"en-US\" dir=\"ltr\" data-wpcf7-id=\"1626\">\n<div class=\"screen-reader-response\"><p role=\"status\" aria-live=\"polite\" aria-atomic=\"true\"><\/p> <ul><\/ul><\/div>\n<form action=\"\/fr\/wp-json\/wp\/v2\/pages\/1606#wpcf7-f1626-o1\" method=\"post\" class=\"wpcf7-form init default\" aria-label=\"Contact form\" novalidate=\"novalidate\" data-status=\"init\">\n<fieldset class=\"hidden-fields-container\"><input type=\"hidden\" name=\"_wpcf7\" value=\"1626\" \/><input type=\"hidden\" name=\"_wpcf7_version\" value=\"6.1.5\" \/><input type=\"hidden\" name=\"_wpcf7_locale\" value=\"en_US\" \/><input type=\"hidden\" name=\"_wpcf7_unit_tag\" value=\"wpcf7-f1626-o1\" \/><input type=\"hidden\" name=\"_wpcf7_container_post\" value=\"0\" \/><input type=\"hidden\" name=\"_wpcf7_posted_data_hash\" value=\"\" \/><input type=\"hidden\" name=\"_wpcf7cf_hidden_group_fields\" value=\"[]\" \/><input type=\"hidden\" name=\"_wpcf7cf_hidden_groups\" value=\"[]\" \/><input type=\"hidden\" name=\"_wpcf7cf_visible_groups\" value=\"[]\" \/><input type=\"hidden\" name=\"_wpcf7cf_repeaters\" value=\"[]\" \/><input type=\"hidden\" name=\"_wpcf7cf_steps\" value=\"{}\" \/><input type=\"hidden\" name=\"_wpcf7cf_options\" value=\"{&quot;form_id&quot;:1626,&quot;conditions&quot;:[],&quot;settings&quot;:{&quot;animation&quot;:&quot;yes&quot;,&quot;animation_intime&quot;:200,&quot;animation_outtime&quot;:200,&quot;conditions_ui&quot;:&quot;normal&quot;,&quot;notice_dismissed&quot;:false,&quot;notice_dismissed_rollback-cf7-5.8.7&quot;:true}}\" \/><input type=\"hidden\" name=\"_wpcf7_recaptcha_response\" value=\"\" \/>\n<\/fieldset>\n<div class=\"form-grid\">\n  <div class=\"form-row col-2\">\n<label style=\"display:flex;align-items:center;margin:0;\">\n  <span style=\"flex:0 0 20%;padding-right:10px;\">Nom et pr\u00e9nom<\/span>\n  <span style=\"flex:0 0 50%;\"><span class=\"wpcf7-form-control-wrap\" data-name=\"text-name\"><input size=\"40\" maxlength=\"400\" class=\"wpcf7-form-control wpcf7-text wpcf7-validates-as-required\" aria-required=\"true\" aria-invalid=\"false\" value=\"\" type=\"text\" name=\"text-name\" \/><\/span><\/span>\n<\/label>\n\n<label style=\"display:flex;align-items:center;margin:0;\">\n  <span style=\"flex:0 0 20%;padding-right:10px;\">Courriel<\/span>\n  <span style=\"flex:0 0 50%;\"><span class=\"wpcf7-form-control-wrap\" data-name=\"email-455\"><input size=\"40\" maxlength=\"400\" class=\"wpcf7-form-control wpcf7-email wpcf7-validates-as-required wpcf7-text wpcf7-validates-as-email\" aria-required=\"true\" aria-invalid=\"false\" value=\"\" type=\"email\" name=\"email-455\" \/><\/span><\/span>\n<\/label>\n\n<label style=\"display:flex;align-items:center;margin:0;\">\n  <span style=\"flex:0 0 20%;padding-right:10px;\">T\u00e9l\u00e9phone<\/span>\n  <span style=\"flex:0 0 50%;\"><span class=\"wpcf7-form-control-wrap\" data-name=\"tel-731\"><input size=\"40\" maxlength=\"400\" class=\"wpcf7-form-control wpcf7-tel wpcf7-validates-as-required wpcf7-text wpcf7-validates-as-tel\" aria-required=\"true\" aria-invalid=\"false\" value=\"\" type=\"tel\" name=\"tel-731\" \/><\/span><\/span>\n<\/label>\n\n<label style=\"display:flex;align-items:center;margin:0;\">\n  <span style=\"flex:0 0 20%;padding-right:10px;\">Date de naissance<\/span>\n  <span style=\"flex:0 0 50%;\"><span class=\"wpcf7-form-control-wrap\" data-name=\"dob\"><input class=\"wpcf7-form-control wpcf7-date wpcf7-validates-as-date\" id=\"dob\" min=\"1900-01-01\" max=\"2026-04-22\" aria-invalid=\"false\" value=\"\" type=\"date\" name=\"dob\" \/><\/span><\/span>\n<\/label>\n    <span class=\"wpcf7-form-control-wrap\" data-name=\"menu-76\"><select class=\"wpcf7-form-control wpcf7-select wpcf7-validates-as-required\" aria-required=\"true\" aria-invalid=\"false\" name=\"menu-76\"><option value=\"Gestion de la peau\">Gestion de la peau<\/option><option value=\"Anti-\u00e2ge\">Anti-\u00e2ge<\/option><option value=\"Acn\u00e9 active et cicatrices\">Acn\u00e9 active et cicatrices<\/option><option value=\"Pigments et veines d&#039;araign\u00e9e\">Pigments et veines d&#039;araign\u00e9e<\/option><option value=\"Injection cosm\u00e9tique\">Injection cosm\u00e9tique<\/option><option value=\"Injection nutritive\">Injection nutritive<\/option><option value=\"Rajeunissement du vagin\">Rajeunissement du vagin<\/option><option value=\"Restauration des cheveux\">Restauration des cheveux<\/option><option value=\"\u00c9pilation au laser\">\u00c9pilation au laser<\/option><option value=\"Remodelage du corps\">Remodelage du corps<\/option><\/select><\/span>\n  <\/div>\n\n  <div class=\"form-row\">\n    <span class=\"wpcf7-form-control-wrap\" data-name=\"textarea-668\"><textarea cols=\"40\" rows=\"10\" maxlength=\"2000\" class=\"wpcf7-form-control wpcf7-textarea\" aria-invalid=\"false\" name=\"textarea-668\"><\/textarea><\/span>\n  <\/div>\n<\/div>\n\n<input class=\"wpcf7-form-control wpcf7-submit has-spinner\" type=\"submit\" value=\"Soumettre\" \/><input type='hidden' class='wpcf7-pum' value='{\"closepopup\":false,\"closedelay\":0,\"openpopup\":false,\"openpopup_id\":0}' \/><div class=\"wpcf7-response-output\" aria-hidden=\"true\"><\/div>\n<\/form>\n<\/div>\n[\/vc_column][\/vc_row][vc_row css_animation=&#8221;&#8221; row_type=&#8221;row&#8221; use_row_as_full_screen_section=&#8221;no&#8221; type=&#8221;full_width&#8221; angled_section=&#8221;no&#8221; text_align=&#8221;left&#8221; background_image_as_pattern=&#8221;without_pattern&#8221; z_index=&#8221;&#8221; el_id=&#8221;locations&#8221;][vc_column][vc_column_text]<\/p>\n<h2 style=\"text-align: center;\">Nos emplacements<em>Nos emplacements<\/em><\/h2>\n<p>[\/vc_column_text][vc_row_inner row_type=&#8221;row&#8221; type=&#8221;full_width&#8221; text_align=&#8221;left&#8221; css_animation=&#8221;&#8221;][vc_column_inner width=&#8221;1\/2&#8243;][vc_column_text]<\/p>\n<div class=\"locate\"><strong>CENTRE-VILLE DE MONTR\u00c9AL<\/strong><br \/>\n1312, rue Sainte-Catherine Ouest, 2<sup>e<\/sup> \u00e9tage,<br \/>\nMontr\u00e9al, QC, H3G 1P6<br \/>\n<a href=\"tel:5145482225\"><i class=\"fa fa-phone\"><\/i> (514) 548-2225<\/a><\/div>\n<p>[\/vc_column_text][vc_gmaps link=&#8221;#E-8_JTNDaWZyYW1lJTIwc3JjJTNEJTIyaHR0cHMlM0ElMkYlMkZ3d3cuZ29vZ2xlLmNvbSUyRm1hcHMlMkZlbWJlZCUzRnBiJTNEJTIxMW0xNCUyMTFtOCUyMTFtMyUyMTFkNTU5My4yNDQ5MTA5Njc5NTElMjEyZC03My41NzUwNzQlMjEzZDQ1LjQ5NzU0NyUyMTNtMiUyMTFpMTAyNCUyMTJpNzY4JTIxNGYxMy4xJTIxM20zJTIxMW0yJTIxMXMweDRjYzkxYjgxYjUxZjU0MjElMjUzQTB4NTY0MTcwMzJjNjdlNWZlNSUyMTJzRWxsZSUyNTIwQ2xpbmlxdWUlMjUyMEVzdGhldGlxdWUlMjUyME1vbnRyZWFsJTI1MkMlMjUyME1lZHNwYSUyNTIwRXN0aGV0aWNpYW4lMjUyMCUyNTdDJTI1MjBIeWRyYWZhY2lhbCUyNTJDJTI1MjBGb3RvbmElMjUyQyUyNTIwTW9ycGhldXMlMjUyQyUyNTIwQ2hlbWljYWwlMjUyMFBlZWwlMjUyQyUyNTIwQm90b3glMjUyQyUyNTIwRmlsbGVycyUyNTJDJTI1MjBBY25lJTIxNWUwJTIxM20yJTIxMXNmciUyMTJzbmwlMjE0djE3MzA5ODk4MDIyNDklMjE1bTIlMjExc2ZyJTIxMnNubCUyMiUyMHdpZHRoJTNEJTIyNjAwJTIyJTIwaGVpZ2h0JTNEJTIyNDUwJTIyJTIwc3R5bGUlM0QlMjJib3JkZXIlM0EwJTNCJTIyJTIwYWxsb3dmdWxsc2NyZWVuJTNEJTIyJTIyJTIwbG9hZGluZyUzRCUyMmxhenklMjIlMjByZWZlcnJlcnBvbGljeSUzRCUyMm5vLXJlZmVycmVyLXdoZW4tZG93bmdyYWRlJTIyJTNFJTNDJTJGaWZyYW1lJTNF&#8221;][\/vc_column_inner][vc_column_inner width=&#8221;1\/2&#8243;][vc_column_text]<\/p>\n<div class=\"locate\"><strong>Brossard<\/strong><br \/>\n1255-B, 8200 boul. Taschereau B,<br \/>\nBrossard, QC J4X 2S6<br \/>\n<a href=\"tel:4509230303\"><i class=\"fa fa-phone\"><\/i> (450) 923-0303<\/a><\/div>\n<p>[\/vc_column_text][vc_gmaps link=&#8221;#E-8_JTNDaWZyYW1lJTIwc3JjJTNEJTIyaHR0cHMlM0ElMkYlMkZ3d3cuZ29vZ2xlLmNvbSUyRm1hcHMlMkZlbWJlZCUzRnBiJTNEJTIxMW0xNCUyMTFtOCUyMTFtMyUyMTFkNTU5OC4xMTcwMjUxODkwMzQlMjEyZC03My40NzA3OTUlMjEzZDQ1LjQ0ODQ3NyUyMTNtMiUyMTFpMTAyNCUyMTJpNzY4JTIxNGYxMy4xJTIxM20zJTIxMW0yJTIxMXMweDRjYzkwZmNmY2FkNTU2ZjElMjUzQTB4NTNlNzBkODBiNDNjMjlmMyUyMTJzRWxsZSUyNTIwQ2xpbmlxdWUlMjUyMEVzdGglMjVDMyUyNUE5dGlxdWUlMjUyMEJyb3NzYXJkJTI1MkMlMjUyMExvbmd1ZXVpbCUyNTIwJTI1N0MlMjUyMEh5ZHJhZmFjaWFsJTI1MkMlMjUyMEZvdG9uYSUyNTJDJTI1MjBNb3JwaGV1cyUyNTJDJTI1MjBDaGVtaWNhbCUyNTIwUGVlbCUyNTJDJTI1MjBCb3RveCUyNTJDJTI1MjBGaWxsZXJzJTI1MkMlMjUyMEJCTCUyMTVlMCUyMTNtMiUyMTFzZnIlMjEyc25sJTIxNHYxNzMwOTg5ODc0NDIwJTIxNW0yJTIxMXNmciUyMTJzbmwlMjIlMjB3aWR0aCUzRCUyMjYwMCUyMiUyMGhlaWdodCUzRCUyMjQ1MCUyMiUyMHN0eWxlJTNEJTIyYm9yZGVyJTNBMCUzQiUyMiUyMGFsbG93ZnVsbHNjcmVlbiUzRCUyMiUyMiUyMGxvYWRpbmclM0QlMjJsYXp5JTIyJTIwcmVmZXJyZXJwb2xpY3klM0QlMjJuby1yZWZlcnJlci13aGVuLWRvd25ncmFkZSUyMiUzRSUzQyUyRmlmcmFtZSUzRQ==&#8221;][\/vc_column_inner][\/vc_row_inner][\/vc_column][\/vc_row]<\/p>\n<\/section>","protected":false},"excerpt":{"rendered":"<p>[vc_row css_animation=&#8221;&#8221; row_type=&#8221;row&#8221; use_row_as_full_screen_section=&#8221;no&#8221; type=&#8221;grid&#8221; angled_section=&#8221;no&#8221; text_align=&#8221;left&#8221; background_image_as_pattern=&#8221;without_pattern&#8221; z_index=&#8221;&#8221; el_id=&#8221;contactus&#8221;][vc_column width=&#8221;1\/2&#8243;][vc_column_text] Elle Montr\u00e9al Clinique Esth\u00e9tique M\u00e9dico-Esth\u00e9tique [\/vc_column_text][vc_column_text el_class=&#8221;hours&#8221;] Heures d&#8217;ouverture : Lundi Ferm\u00e9 Mardi 10h00-18h00 Mercredi 10h00-18h00 Jeudi 10h00-18h00 Vendredi 10h00-18h00 Samedi 10h00-18h00 Dimanche Ferm\u00e9 [\/vc_column_text][\/vc_column][vc_column width=&#8221;1\/2&#8243;][vc_column_text] Contactez nous N&#8217;h\u00e9sitez pas \u00e0 nous contacter pour&#8230;<\/p>\n","protected":false},"author":1,"featured_media":0,"parent":0,"menu_order":0,"comment_status":"closed","ping_status":"closed","template":"full_width.php","meta":{"nf_dc_page":"","om_disable_all_campaigns":false,"_monsterinsights_skip_tracking":false,"_monsterinsights_sitenote_active":false,"_monsterinsights_sitenote_note":"","_monsterinsights_sitenote_category":0,"footnotes":""},"class_list":["post-1606","page","type-page","status-publish","hentry"],"acf":[],"yoast_head":"<!-- This site is optimized with the Yoast SEO plugin v27.4 - https:\/\/yoast.com\/product\/yoast-seo-wordpress\/ -->\n<title>Contact | Elle Clinique Esth\u00e9tique Montr\u00e9al<\/title>\n<meta name=\"description\" content=\"Contact | Clinique d&#039;esth\u00e9tique m\u00e9dicale au centreville de Montr\u00e9al. Esth\u00e9ticiennes expertes en soins de la peau\" \/>\n<meta name=\"robots\" content=\"index, follow, max-snippet:-1, max-image-preview:large, max-video-preview:-1\" \/>\n<link rel=\"canonical\" href=\"https:\/\/elle.clinic\/fr\/contact\/\" \/>\n<meta property=\"og:locale\" content=\"fr_FR\" \/>\n<meta property=\"og:type\" content=\"article\" \/>\n<meta property=\"og:title\" content=\"Contact | Elle Clinique Esth\u00e9tique Montr\u00e9al\" \/>\n<meta property=\"og:description\" content=\"Contact | Clinique d&#039;esth\u00e9tique m\u00e9dicale au centreville de Montr\u00e9al. Esth\u00e9ticiennes expertes en soins de la peau\" \/>\n<meta property=\"og:url\" content=\"https:\/\/elle.clinic\/fr\/contact\/\" \/>\n<meta property=\"og:site_name\" content=\"Elle Clinique Esth\u00e9tique Montr\u00e9al\" \/>\n<meta property=\"article:publisher\" content=\"https:\/\/www.instagram.com\/elle_montreal_clinique\/\" \/>\n<meta property=\"article:modified_time\" content=\"2026-01-27T21:53:36+00:00\" \/>\n<meta property=\"og:image\" content=\"https:\/\/i0.wp.com\/elle.clinic\/wp-content\/uploads\/2024\/05\/elle-00.jpg?fit=1200%2C675&ssl=1\" \/>\n\t<meta property=\"og:image:width\" content=\"1200\" \/>\n\t<meta property=\"og:image:height\" content=\"675\" \/>\n\t<meta property=\"og:image:type\" content=\"image\/jpeg\" \/>\n<meta name=\"twitter:card\" content=\"summary_large_image\" \/>\n<meta name=\"twitter:label1\" content=\"Dur\u00e9e de lecture estim\u00e9e\" \/>\n\t<meta name=\"twitter:data1\" content=\"1 minute\" \/>\n<script type=\"application\/ld+json\" class=\"yoast-schema-graph\">{\"@context\":\"https:\\\/\\\/schema.org\",\"@graph\":[{\"@type\":\"WebPage\",\"@id\":\"https:\\\/\\\/elle.clinic\\\/fr\\\/contact\\\/\",\"url\":\"https:\\\/\\\/elle.clinic\\\/fr\\\/contact\\\/\",\"name\":\"Contact | Elle Clinique Esth\u00e9tique Montr\u00e9al\",\"isPartOf\":{\"@id\":\"https:\\\/\\\/kqu.kqm.mybluehost.me\\\/website_43a04015\\\/#website\"},\"datePublished\":\"2024-03-20T14:11:26+00:00\",\"dateModified\":\"2026-01-27T21:53:36+00:00\",\"description\":\"Contact | Clinique d'esth\u00e9tique m\u00e9dicale au centreville de Montr\u00e9al. Esth\u00e9ticiennes expertes en soins de la peau\",\"inLanguage\":\"fr-FR\",\"potentialAction\":[{\"@type\":\"ReadAction\",\"target\":[\"https:\\\/\\\/elle.clinic\\\/fr\\\/contact\\\/\"]}]},{\"@type\":\"WebSite\",\"@id\":\"https:\\\/\\\/kqu.kqm.mybluehost.me\\\/website_43a04015\\\/#website\",\"url\":\"https:\\\/\\\/kqu.kqm.mybluehost.me\\\/website_43a04015\\\/\",\"name\":\"Elle Clinique Esth\u00e9tique Montr\u00e9al\",\"description\":\"\",\"publisher\":{\"@id\":\"https:\\\/\\\/kqu.kqm.mybluehost.me\\\/website_43a04015\\\/#organization\"},\"potentialAction\":[{\"@type\":\"SearchAction\",\"target\":{\"@type\":\"EntryPoint\",\"urlTemplate\":\"https:\\\/\\\/kqu.kqm.mybluehost.me\\\/website_43a04015\\\/?s={search_term_string}\"},\"query-input\":{\"@type\":\"PropertyValueSpecification\",\"valueRequired\":true,\"valueName\":\"search_term_string\"}}],\"inLanguage\":\"fr-FR\"},{\"@type\":\"Organization\",\"@id\":\"https:\\\/\\\/kqu.kqm.mybluehost.me\\\/website_43a04015\\\/#organization\",\"name\":\"Elle Clinique Esth\u00e9tique Montr\u00e9al\",\"url\":\"https:\\\/\\\/kqu.kqm.mybluehost.me\\\/website_43a04015\\\/\",\"logo\":{\"@type\":\"ImageObject\",\"inLanguage\":\"fr-FR\",\"@id\":\"https:\\\/\\\/kqu.kqm.mybluehost.me\\\/website_43a04015\\\/#\\\/schema\\\/logo\\\/image\\\/\",\"url\":\"https:\\\/\\\/elle.clinic\\\/wp-content\\\/uploads\\\/2024\\\/03\\\/elle-00.png\",\"contentUrl\":\"https:\\\/\\\/elle.clinic\\\/wp-content\\\/uploads\\\/2024\\\/03\\\/elle-00.png\",\"width\":800,\"height\":800,\"caption\":\"Elle Clinique Esth\u00e9tique Montr\u00e9al\"},\"image\":{\"@id\":\"https:\\\/\\\/kqu.kqm.mybluehost.me\\\/website_43a04015\\\/#\\\/schema\\\/logo\\\/image\\\/\"},\"sameAs\":[\"https:\\\/\\\/www.instagram.com\\\/elle_montreal_clinique\\\/\"]}]}<\/script>\n<!-- \/ Yoast SEO plugin. -->","yoast_head_json":{"title":"Contact | Elle Clinique Esth\u00e9tique Montr\u00e9al","description":"Contact | Clinique d'esth\u00e9tique m\u00e9dicale au centreville de Montr\u00e9al. Esth\u00e9ticiennes expertes en soins de la peau","robots":{"index":"index","follow":"follow","max-snippet":"max-snippet:-1","max-image-preview":"max-image-preview:large","max-video-preview":"max-video-preview:-1"},"canonical":"https:\/\/elle.clinic\/fr\/contact\/","og_locale":"fr_FR","og_type":"article","og_title":"Contact | Elle Clinique Esth\u00e9tique Montr\u00e9al","og_description":"Contact | Clinique d'esth\u00e9tique m\u00e9dicale au centreville de Montr\u00e9al. Esth\u00e9ticiennes expertes en soins de la peau","og_url":"https:\/\/elle.clinic\/fr\/contact\/","og_site_name":"Elle Clinique Esth\u00e9tique Montr\u00e9al","article_publisher":"https:\/\/www.instagram.com\/elle_montreal_clinique\/","article_modified_time":"2026-01-27T21:53:36+00:00","og_image":[{"width":1200,"height":675,"url":"https:\/\/i0.wp.com\/elle.clinic\/wp-content\/uploads\/2024\/05\/elle-00.jpg?fit=1200%2C675&ssl=1","type":"image\/jpeg"}],"twitter_card":"summary_large_image","twitter_misc":{"Dur\u00e9e de lecture estim\u00e9e":"1 minute"},"schema":{"@context":"https:\/\/schema.org","@graph":[{"@type":"WebPage","@id":"https:\/\/elle.clinic\/fr\/contact\/","url":"https:\/\/elle.clinic\/fr\/contact\/","name":"Contact | Elle Clinique Esth\u00e9tique Montr\u00e9al","isPartOf":{"@id":"https:\/\/kqu.kqm.mybluehost.me\/website_43a04015\/#website"},"datePublished":"2024-03-20T14:11:26+00:00","dateModified":"2026-01-27T21:53:36+00:00","description":"Contact | Clinique d'esth\u00e9tique m\u00e9dicale au centreville de Montr\u00e9al. Esth\u00e9ticiennes expertes en soins de la peau","inLanguage":"fr-FR","potentialAction":[{"@type":"ReadAction","target":["https:\/\/elle.clinic\/fr\/contact\/"]}]},{"@type":"WebSite","@id":"https:\/\/kqu.kqm.mybluehost.me\/website_43a04015\/#website","url":"https:\/\/kqu.kqm.mybluehost.me\/website_43a04015\/","name":"Elle Clinique Esth\u00e9tique Montr\u00e9al","description":"","publisher":{"@id":"https:\/\/kqu.kqm.mybluehost.me\/website_43a04015\/#organization"},"potentialAction":[{"@type":"SearchAction","target":{"@type":"EntryPoint","urlTemplate":"https:\/\/kqu.kqm.mybluehost.me\/website_43a04015\/?s={search_term_string}"},"query-input":{"@type":"PropertyValueSpecification","valueRequired":true,"valueName":"search_term_string"}}],"inLanguage":"fr-FR"},{"@type":"Organization","@id":"https:\/\/kqu.kqm.mybluehost.me\/website_43a04015\/#organization","name":"Elle Clinique Esth\u00e9tique Montr\u00e9al","url":"https:\/\/kqu.kqm.mybluehost.me\/website_43a04015\/","logo":{"@type":"ImageObject","inLanguage":"fr-FR","@id":"https:\/\/kqu.kqm.mybluehost.me\/website_43a04015\/#\/schema\/logo\/image\/","url":"https:\/\/elle.clinic\/wp-content\/uploads\/2024\/03\/elle-00.png","contentUrl":"https:\/\/elle.clinic\/wp-content\/uploads\/2024\/03\/elle-00.png","width":800,"height":800,"caption":"Elle Clinique Esth\u00e9tique Montr\u00e9al"},"image":{"@id":"https:\/\/kqu.kqm.mybluehost.me\/website_43a04015\/#\/schema\/logo\/image\/"},"sameAs":["https:\/\/www.instagram.com\/elle_montreal_clinique\/"]}]}},"jetpack_sharing_enabled":true,"_links":{"self":[{"href":"https:\/\/elle.clinic\/fr\/wp-json\/wp\/v2\/pages\/1606","targetHints":{"allow":["GET"]}}],"collection":[{"href":"https:\/\/elle.clinic\/fr\/wp-json\/wp\/v2\/pages"}],"about":[{"href":"https:\/\/elle.clinic\/fr\/wp-json\/wp\/v2\/types\/page"}],"author":[{"embeddable":true,"href":"https:\/\/elle.clinic\/fr\/wp-json\/wp\/v2\/users\/1"}],"replies":[{"embeddable":true,"href":"https:\/\/elle.clinic\/fr\/wp-json\/wp\/v2\/comments?post=1606"}],"version-history":[{"count":4,"href":"https:\/\/elle.clinic\/fr\/wp-json\/wp\/v2\/pages\/1606\/revisions"}],"predecessor-version":[{"id":1887,"href":"https:\/\/elle.clinic\/fr\/wp-json\/wp\/v2\/pages\/1606\/revisions\/1887"}],"wp:attachment":[{"href":"https:\/\/elle.clinic\/fr\/wp-json\/wp\/v2\/media?parent=1606"}],"curies":[{"name":"wp","href":"https:\/\/api.w.org\/{rel}","templated":true}]}}