{"id":1985,"date":"2026-04-20T16:11:11","date_gmt":"2026-04-20T16:11:11","guid":{"rendered":"https:\/\/elle.clinic\/?page_id=1985"},"modified":"2026-05-13T03:12:19","modified_gmt":"2026-05-13T03:12:19","slug":"notre-equipe","status":"publish","type":"page","link":"https:\/\/elle.clinic\/fr\/notre-equipe\/","title":{"rendered":"Notre \u00e9quipe esth\u00e9tique"},"content":{"rendered":"<section class=\"wpb-content-wrapper\"><p>[vc_row css_animation=&#8221;&#8221; row_type=&#8221;row&#8221; use_row_as_full_screen_section=&#8221;no&#8221; type=&#8221;full_width&#8221; angled_section=&#8221;no&#8221; text_align=&#8221;left&#8221; background_image_as_pattern=&#8221;without_pattern&#8221; el_id=&#8221;hero-page&#8221; el_class=&#8221;text-right&#8221; z_index=&#8221;&#8221;][vc_column width=&#8221;1\/2&#8243;][vc_single_image image=&#8221;1305&#8243; img_size=&#8221;full&#8221; qode_css_animation=&#8221;&#8221;][\/vc_column][vc_column width=&#8221;1\/2&#8243;][vc_column_text]<\/p>\n<h2>Our Aesthetic Team<br \/>\n<em>Team of dedicated experts<\/em><\/h2>\n<p>At Elle Montr\u00e9al Clinic, our aesthetic team combines professional expertise, personalized care, and a genuine passion for helping you feel confident in your skin. We are dedicated to creating a welcoming experience while delivering thoughtful treatments and natural, beautiful results tailored to your unique needs and goals.[\/vc_column_text][\/vc_column][\/vc_row][vc_row css_animation=&#8221;&#8221; row_type=&#8221;row&#8221; use_row_as_full_screen_section=&#8221;no&#8221; type=&#8221;grid&#8221; angled_section=&#8221;no&#8221; text_align=&#8221;left&#8221; background_image_as_pattern=&#8221;without_pattern&#8221; z_index=&#8221;&#8221; el_id=&#8221;after-hero&#8221;][vc_column][vc_column_text]Notre \u00e9quipe \u00e0 Elle Montr\u00e9al Clinique est compos\u00e9e de m\u00e9decins estim\u00e9s, d\u2019infirmi\u00e8res exp\u00e9riment\u00e9es et d\u2019esth\u00e9ticiennes m\u00e9dicales hautement qualifi\u00e9es, ce qui fait de nous l\u2019une des \u00e9quipes de spa m\u00e9dical les plus professionnelles et les plus d\u00e9vou\u00e9es de Montr\u00e9al. Nous accordons la priorit\u00e9 aux besoins de nos clients et nous nous effor\u00e7ons de fournir des solutions professionnelles et pratiques qui am\u00e9liorent votre bien-\u00eatre et vous permettent de vous sentir plus confiant.[\/vc_column_text][\/vc_column][\/vc_row][vc_row css_animation=&#8221;&#8221; row_type=&#8221;row&#8221; use_row_as_full_screen_section=&#8221;no&#8221; type=&#8221;grid&#8221; angled_section=&#8221;no&#8221; text_align=&#8221;left&#8221; background_image_as_pattern=&#8221;without_pattern&#8221; z_index=&#8221;&#8221;][vc_column width=&#8221;1\/2&#8243;][vc_single_image image=&#8221;2066&#8243; img_size=&#8221;full&#8221; alignment=&#8221;center&#8221; qode_css_animation=&#8221;&#8221; el_class=&#8221;our-team-images&#8221;][vc_column_text css=&#8221;.vc_custom_1776999263251{margin-top: 50px !important;}&#8221;]<\/p>\n<h2>Jian &#8211; Infirmi\u00e8re Autoris\u00e9e<em>Infirmi\u00e8re Autoris\u00e9e<\/em><\/h2>\n<p>Forte de 10 ans d\u2019exp\u00e9rience en Chine et 18 ans au Canada, Jianting apporte une expertise clinique approfondie \u00e0 la m\u00e9decine esth\u00e9tique. Depuis son arriv\u00e9e chez ELLE CLINIC en 2019, elle se sp\u00e9cialise dans les traitements injectables, alliant s\u00e9curit\u00e9, pr\u00e9cision et r\u00e9sultats naturels.[\/vc_column_text][\/vc_column][vc_column width=&#8221;1\/2&#8243;][vc_single_image image=&#8221;2003&#8243; img_size=&#8221;full&#8221; alignment=&#8221;center&#8221; qode_css_animation=&#8221;&#8221; el_class=&#8221;our-team-images&#8221;][vc_column_text css=&#8221;.vc_custom_1777902605860{margin-top: 50px !important;}&#8221;]<\/p>\n<h2>Irene &#8211; Esth\u00e9ticienne de laser<em>Esth\u00e9ticienne de laser<br \/>\n<\/em><\/h2>\n<p>Sp\u00e9cialis\u00e9e dans la gestion de la sant\u00e9 cutan\u00e9e et des peaux \u00e0 tendance acn\u00e9ique, Irene propose des soins personnalis\u00e9s et ax\u00e9s sur les r\u00e9sultats. Engag\u00e9e envers la pr\u00e9cision et la s\u00e9curit\u00e9, elle accompagne chaque client vers une peau saine et \u00e9quilibr\u00e9e.[\/vc_column_text][\/vc_column][\/vc_row][vc_row css_animation=&#8221;&#8221; row_type=&#8221;row&#8221; use_row_as_full_screen_section=&#8221;no&#8221; type=&#8221;grid&#8221; angled_section=&#8221;no&#8221; text_align=&#8221;left&#8221; background_image_as_pattern=&#8221;without_pattern&#8221; z_index=&#8221;&#8221;][vc_column width=&#8221;1\/2&#8243;][vc_single_image image=&#8221;1991&#8243; img_size=&#8221;full&#8221; alignment=&#8221;center&#8221; qode_css_animation=&#8221;&#8221; el_class=&#8221;our-team-images&#8221;][vc_column_text css=&#8221;.vc_custom_1777902722203{margin-top: 50px !important;}&#8221;]<\/p>\n<h2>Mia &#8211; Esth\u00e9ticienne senior<em>Esth\u00e9ticienne senior<\/em><\/h2>\n<p><\/p>\n<h3>9+ ans d&#8217;exp\u00e9rience, depuis 2017<\/h3>\n<p>Sp\u00e9cialis\u00e9e en esth\u00e9tique asiatique, Mia associe des techniques avanc\u00e9es \u00e0 une approche globale afin de cr\u00e9er des r\u00e9sultats subtils, naturels et harmonieux\u2014chaque soin \u00e9tant con\u00e7u pour r\u00e9v\u00e9ler l\u2019\u00e9quilibre et la vitalit\u00e9 durable de la peau.[\/vc_column_text][\/vc_column][vc_column width=&#8221;1\/2&#8243;][vc_single_image image=&#8221;2041&#8243; img_size=&#8221;full&#8221; alignment=&#8221;center&#8221; qode_css_animation=&#8221;&#8221; el_class=&#8221;our-team-images&#8221;][vc_column_text css=&#8221;.vc_custom_1777902753904{margin-top: 50px !important;}&#8221;]<\/p>\n<h2>Jamie &#8211; Esth\u00e9ticienne senior<em>Esth\u00e9ticienne senior<\/em><\/h2>\n<p>Forte de plus de dix ans d\u2019exp\u00e9rience en m\u00e9decine esth\u00e9tique, Jamie allie sens esth\u00e9tique et expertise technique avanc\u00e9e, avec une sp\u00e9cialisation dans la peau asiatique. Elle privil\u00e9gie une approche pr\u00e9cise et \u00e9quilibr\u00e9e pour des r\u00e9sultats naturels et durables.[\/vc_column_text][\/vc_column][\/vc_row][vc_row css_animation=&#8221;&#8221; row_type=&#8221;row&#8221; use_row_as_full_screen_section=&#8221;no&#8221; type=&#8221;grid&#8221; angled_section=&#8221;no&#8221; text_align=&#8221;left&#8221; background_image_as_pattern=&#8221;without_pattern&#8221; z_index=&#8221;&#8221;][vc_column width=&#8221;1\/2&#8243;][vc_single_image image=&#8221;2039&#8243; img_size=&#8221;full&#8221; alignment=&#8221;center&#8221; qode_css_animation=&#8221;&#8221; el_class=&#8221;our-team-images&#8221;][vc_column_text css=&#8221;.vc_custom_1777902765620{margin-top: 50px !important;}&#8221;]<\/p>\n<h2>Yan &#8211; Esth\u00e9ticienne senior<em>Esth\u00e9ticienne senior<\/em><\/h2>\n<p><\/p>\n<h3>Plus de 10 ans d\u2019exp\u00e9rience<\/h3>\n<p>Forte d\u2019une solide exp\u00e9rience en soins cliniques et en gestion de clinique, Yan Jin offre une approche personnalis\u00e9e alliant pr\u00e9cision technique et compr\u00e9hension approfondie des besoins de chaque client, pour des r\u00e9sultats \u00e9l\u00e9gants et durables.[\/vc_column_text][\/vc_column][vc_column width=&#8221;1\/2&#8243;][vc_single_image image=&#8221;2005&#8243; img_size=&#8221;full&#8221; alignment=&#8221;center&#8221; qode_css_animation=&#8221;&#8221; el_class=&#8221;our-team-images&#8221;][vc_column_text css=&#8221;.vc_custom_1777902735014{margin-top: 50px !important;}&#8221;]<\/p>\n<h2>Oli &#8211; Esth\u00e9ticienne senior<em>Esth\u00e9ticienne senior<\/em><\/h2>\n<p><\/p>\n<h3>20+ ans d&#8217;exp\u00e9rience<\/h3>\n<p>Ancienne membre de la Task Force (HK) et examinatrice CICE, Oli a d\u00e9fini les standards de l&#8217;industrie de la beaut\u00e9. Sp\u00e9cialiste en lasers, anti-\u00e2ge et restauration cutan\u00e9e, elle allie rigueur clinique et pr\u00e9cision pour des soins sur mesure.[\/vc_column_text][\/vc_column][\/vc_row][vc_row css_animation=&#8221;&#8221; row_type=&#8221;row&#8221; use_row_as_full_screen_section=&#8221;no&#8221; type=&#8221;grid&#8221; angled_section=&#8221;no&#8221; text_align=&#8221;left&#8221; background_image_as_pattern=&#8221;without_pattern&#8221; z_index=&#8221;&#8221;][vc_column width=&#8221;1\/2&#8243;][vc_single_image image=&#8221;2009&#8243; img_size=&#8221;full&#8221; alignment=&#8221;center&#8221; qode_css_animation=&#8221;&#8221; el_class=&#8221;our-team-images&#8221;][vc_column_text css=&#8221;.vc_custom_1777902784130{margin-top: 50px !important;}&#8221;]<\/p>\n<h2>Ting &#8211; Esth\u00e9ticienne senior<em>Esth\u00e9ticienne senior<\/em><\/h2>\n<p>Anim\u00e9e par l\u2019harmonie entre la m\u00e9decine et l\u2019esth\u00e9tique, Luting con\u00e7oit des soins sur mesure, fond\u00e9s sur la science, afin de sublimer la beaut\u00e9 naturelle avec finesse et pr\u00e9cision\u2014votre partenaire de confiance pour une peau d\u2019exception chez ELLE CLINIC.[\/vc_column_text][\/vc_column][vc_column width=&#8221;1\/2&#8243;][vc_single_image image=&#8221;2060&#8243; img_size=&#8221;full&#8221; alignment=&#8221;center&#8221; qode_css_animation=&#8221;&#8221; el_class=&#8221;our-team-images&#8221;][vc_column_text css=&#8221;.vc_custom_1777902795641{margin-top: 50px !important;}&#8221;]<\/p>\n<h2>Irina &#8211; Esth\u00e9ticienne senior<em>Esth\u00e9ticienne senior<\/em><\/h2>\n<p>Avec plus de 17 ans d\u2019exp\u00e9rience et une collaboration \u00e9troite avec des dermatologues, Irina propose des soins alliant efficacit\u00e9 visible et s\u00e9curit\u00e9 clinique. Son approche repose sur la pr\u00e9cision, la personnalisation et les plus hauts standards de qualit\u00e9.[\/vc_column_text][\/vc_column][\/vc_row][vc_row css_animation=&#8221;&#8221; row_type=&#8221;row&#8221; use_row_as_full_screen_section=&#8221;no&#8221; type=&#8221;grid&#8221; angled_section=&#8221;no&#8221; text_align=&#8221;left&#8221; background_image_as_pattern=&#8221;without_pattern&#8221; z_index=&#8221;&#8221;][vc_column width=&#8221;1\/2&#8243;][vc_single_image image=&#8221;1999&#8243; img_size=&#8221;full&#8221; alignment=&#8221;center&#8221; qode_css_animation=&#8221;&#8221; el_class=&#8221;our-team-images&#8221;][vc_column_text css=&#8221;.vc_custom_1777902472902{margin-top: 50px !important;}&#8221;]<\/p>\n<h2>Noorani &#8211; Esth\u00e9ticienne junior<em>Esth\u00e9ticienne junior<\/em><\/h2>\n<p>D\u00e9di\u00e9e \u00e0 l\u2019am\u00e9lioration de la sant\u00e9 cutan\u00e9e gr\u00e2ce \u00e0 des soins \u00e0 la fois cliniques et avanc\u00e9s, Noorani vise \u00e0 restaurer l\u2019hydratation, sublimer l\u2019\u00e9clat naturel de la peau et r\u00e9v\u00e9ler un teint visiblement raffin\u00e9, avec pr\u00e9cision et \u00e9l\u00e9gance.[\/vc_column_text][\/vc_column][vc_column width=&#8221;1\/2&#8243;][\/vc_column][\/vc_row][vc_row css_animation=&#8221;&#8221; row_type=&#8221;row&#8221; use_row_as_full_screen_section=&#8221;no&#8221; type=&#8221;full_width&#8221; angled_section=&#8221;no&#8221; text_align=&#8221;left&#8221; background_image_as_pattern=&#8221;without_pattern&#8221; el_id=&#8221;mini&#8221; z_index=&#8221;&#8221;][vc_column][vc_column_text]<svg id=\"flower\" data-name=\"flower\" xmlns=\"http:\/\/www.w3.org\/2000\/svg\" viewBox=\"0 0 1728 1100.94\">\n  <defs>\n    <style>\n      .cls-1 {\n        fill: #d8c2b4;\n      }\n\n      .cls-2 {\n        fill: none;\n        stroke: #9a745a;\n        stroke-width: 2px;\n      }\n    <\/style>\n  <\/defs>\n  <rect class=\"cls-1\" x=\"-15\" y=\"269.22\" width=\"1758\" height=\"523\"\/>\n  <circle class=\"cls-2\" cx=\"-175.65\" cy=\"656.56\" r=\"425.5\"\/>\n  <circle class=\"cls-2\" cx=\"1929.39\" cy=\"405.25\" r=\"425.5\"\/>\n  <circle class=\"cls-2\" cx=\"175.98\" cy=\"449.4\" r=\"129\"\/>\n  <circle class=\"cls-2\" cx=\"1527.43\" cy=\"572.14\" r=\"166.89\"\/>\n<\/svg>[\/vc_column_text][vc_row_inner row_type=&#8221;row&#8221; type=&#8221;full_width&#8221; text_align=&#8221;left&#8221; css_animation=&#8221;&#8221;][vc_column_inner][vc_column_text]<\/p>\n<p style=\"text-align: center;\">\u00c0 la Clinique Elle Montr\u00e9al, nous croyons que la vraie beaut\u00e9 transcende la surface de la peau et qu&#8217;elle est profond\u00e9ment li\u00e9e au bien-\u00eatre g\u00e9n\u00e9ral. Tous les services et produits que nous offrons sont ancr\u00e9s dans cette philosophie, visant \u00e0 am\u00e9liorer l&#8217;apparence ext\u00e9rieure et \u00e0 enrichir votre sens holistique du bien-\u00eatre.<\/p>\n<p>[\/vc_column_text]<div style=\"text-align:center\"><a href=\"https:\/\/elle.clinic\/fr\/reservez-une-consultation\/\" class=\"button button--mimas \" target=\"_self\"><div class=\"button__bg\"><\/div><span>R\u00c9SERVEZ UNE CONSULTATION<\/span><\/a><\/div>[\/vc_column_inner][\/vc_row_inner][\/vc_column][\/vc_row][vc_row css_animation=&#8221;&#8221; row_type=&#8221;row&#8221; use_row_as_full_screen_section=&#8221;no&#8221; type=&#8221;grid&#8221; angled_section=&#8221;no&#8221; text_align=&#8221;left&#8221; background_image_as_pattern=&#8221;without_pattern&#8221; el_id=&#8221;doctors&#8221; z_index=&#8221;&#8221;][vc_column][vc_column_text]<\/p>\n<h2 style=\"text-align: center;\">Nos m\u00e9decins<\/h2>\n<p>[\/vc_column_text][vc_row_inner row_type=&#8221;row&#8221; type=&#8221;full_width&#8221; text_align=&#8221;left&#8221; css_animation=&#8221;&#8221;][vc_column_inner width=&#8221;1\/4&#8243;][\/vc_column_inner][vc_column_inner width=&#8221;1\/2&#8243;][vc_single_image image=&#8221;1292&#8243; img_size=&#8221;full&#8221; qode_css_animation=&#8221;&#8221;][vc_column_text]<\/p>\n<h3>Dr Yoel Moyal<\/h3>\n<div style=\"text-align:left\"><a href=\"https:\/\/elle.clinic\/fr\/dr-yoel-moyal\/\" class=\"button button--mimas \" target=\"_self\"><div class=\"button__bg\"><\/div><span>VOIR LA BIOGRAPHIE<\/span><\/a><\/div>[\/vc_column_text][\/vc_column_inner][vc_column_inner width=&#8221;1\/4&#8243;][\/vc_column_inner][\/vc_row_inner][\/vc_column][\/vc_row]<\/p>\n<\/section>","protected":false},"excerpt":{"rendered":"<p>[vc_row css_animation=&#8221;&#8221; row_type=&#8221;row&#8221; use_row_as_full_screen_section=&#8221;no&#8221; type=&#8221;full_width&#8221; angled_section=&#8221;no&#8221; text_align=&#8221;left&#8221; background_image_as_pattern=&#8221;without_pattern&#8221; el_id=&#8221;hero-page&#8221; el_class=&#8221;text-right&#8221; z_index=&#8221;&#8221;][vc_column width=&#8221;1\/2&#8243;][vc_single_image image=&#8221;1305&#8243; img_size=&#8221;full&#8221; qode_css_animation=&#8221;&#8221;][\/vc_column][vc_column width=&#8221;1\/2&#8243;][vc_column_text] Our Aesthetic Team Team of dedicated experts At Elle Montr\u00e9al Clinic, our aesthetic team combines professional expertise, personalized care, and a genuine passion for helping you feel confident in&#8230;<\/p>\n","protected":false},"author":1,"featured_media":0,"parent":0,"menu_order":0,"comment_status":"closed","ping_status":"closed","template":"full_width.php","meta":{"nf_dc_page":"","om_disable_all_campaigns":false,"_monsterinsights_skip_tracking":false,"_monsterinsights_sitenote_active":false,"_monsterinsights_sitenote_note":"","_monsterinsights_sitenote_category":0,"footnotes":""},"class_list":["post-1985","page","type-page","status-publish","hentry"],"acf":[],"yoast_head":"<!-- This site is optimized with the Yoast SEO plugin v27.6 - https:\/\/yoast.com\/product\/yoast-seo-wordpress\/ -->\n<title>Notre \u00e9quipe | Elle Clinic Montreal - Elle clinique esth\u00e9tique Montr\u00e9al<\/title>\n<meta name=\"description\" content=\"Notre \u00e9quipe esth\u00e9tique | Clinique d&#039;esth\u00e9tique m\u00e9dicale au centreville de Montr\u00e9al. Esth\u00e9ticiennes expertes en soins de la peau\" \/>\n<meta name=\"robots\" content=\"index, follow, max-snippet:-1, max-image-preview:large, max-video-preview:-1\" \/>\n<link rel=\"canonical\" href=\"https:\/\/elle.clinic\/fr\/notre-equipe\/\" \/>\n<meta property=\"og:locale\" content=\"fr_FR\" \/>\n<meta property=\"og:type\" content=\"article\" \/>\n<meta property=\"og:title\" content=\"Notre \u00e9quipe | Elle Clinic Montreal - Elle clinique esth\u00e9tique Montr\u00e9al\" \/>\n<meta property=\"og:description\" content=\"Notre \u00e9quipe esth\u00e9tique | Clinique d&#039;esth\u00e9tique m\u00e9dicale au centreville de Montr\u00e9al. Esth\u00e9ticiennes expertes en soins de la peau\" \/>\n<meta property=\"og:url\" content=\"https:\/\/elle.clinic\/fr\/notre-equipe\/\" \/>\n<meta property=\"og:site_name\" content=\"Elle Clinique Esth\u00e9tique Montr\u00e9al\" \/>\n<meta property=\"article:publisher\" content=\"https:\/\/www.instagram.com\/elle_montreal_clinique\/\" \/>\n<meta property=\"article:modified_time\" content=\"2026-05-13T03:12:19+00:00\" \/>\n<meta property=\"og:image\" content=\"https:\/\/i0.wp.com\/elle.clinic\/wp-content\/uploads\/2024\/05\/elle-00.jpg?fit=1200%2C675&ssl=1\" \/>\n\t<meta property=\"og:image:width\" content=\"1200\" \/>\n\t<meta property=\"og:image:height\" content=\"675\" \/>\n\t<meta property=\"og:image:type\" content=\"image\/jpeg\" \/>\n<meta name=\"twitter:card\" content=\"summary_large_image\" \/>\n<meta name=\"twitter:label1\" content=\"Dur\u00e9e de lecture estim\u00e9e\" \/>\n\t<meta name=\"twitter:data1\" content=\"4 minutes\" \/>\n<script type=\"application\/ld+json\" class=\"yoast-schema-graph\">{\"@context\":\"https:\\\/\\\/schema.org\",\"@graph\":[{\"@type\":\"WebPage\",\"@id\":\"https:\\\/\\\/elle.clinic\\\/fr\\\/notre-equipe\\\/\",\"url\":\"https:\\\/\\\/elle.clinic\\\/fr\\\/notre-equipe\\\/\",\"name\":\"Notre \u00e9quipe | Elle Clinic Montreal - Elle clinique esth\u00e9tique Montr\u00e9al\",\"isPartOf\":{\"@id\":\"https:\\\/\\\/kqu.kqm.mybluehost.me\\\/website_43a04015\\\/#website\"},\"datePublished\":\"2026-04-20T16:11:11+00:00\",\"dateModified\":\"2026-05-13T03:12:19+00:00\",\"description\":\"Notre \u00e9quipe esth\u00e9tique | Clinique d'esth\u00e9tique m\u00e9dicale au centreville de Montr\u00e9al. Esth\u00e9ticiennes expertes en soins de la peau\",\"inLanguage\":\"fr-FR\",\"potentialAction\":[{\"@type\":\"ReadAction\",\"target\":[\"https:\\\/\\\/elle.clinic\\\/fr\\\/notre-equipe\\\/\"]}]},{\"@type\":\"WebSite\",\"@id\":\"https:\\\/\\\/kqu.kqm.mybluehost.me\\\/website_43a04015\\\/#website\",\"url\":\"https:\\\/\\\/kqu.kqm.mybluehost.me\\\/website_43a04015\\\/\",\"name\":\"Elle Clinique Esth\u00e9tique Montr\u00e9al\",\"description\":\"\",\"publisher\":{\"@id\":\"https:\\\/\\\/kqu.kqm.mybluehost.me\\\/website_43a04015\\\/#organization\"},\"potentialAction\":[{\"@type\":\"SearchAction\",\"target\":{\"@type\":\"EntryPoint\",\"urlTemplate\":\"https:\\\/\\\/kqu.kqm.mybluehost.me\\\/website_43a04015\\\/?s={search_term_string}\"},\"query-input\":{\"@type\":\"PropertyValueSpecification\",\"valueRequired\":true,\"valueName\":\"search_term_string\"}}],\"inLanguage\":\"fr-FR\"},{\"@type\":\"Organization\",\"@id\":\"https:\\\/\\\/kqu.kqm.mybluehost.me\\\/website_43a04015\\\/#organization\",\"name\":\"Elle Clinique Esth\u00e9tique Montr\u00e9al\",\"url\":\"https:\\\/\\\/kqu.kqm.mybluehost.me\\\/website_43a04015\\\/\",\"logo\":{\"@type\":\"ImageObject\",\"inLanguage\":\"fr-FR\",\"@id\":\"https:\\\/\\\/kqu.kqm.mybluehost.me\\\/website_43a04015\\\/#\\\/schema\\\/logo\\\/image\\\/\",\"url\":\"https:\\\/\\\/elle.clinic\\\/wp-content\\\/uploads\\\/2024\\\/03\\\/elle-00.png\",\"contentUrl\":\"https:\\\/\\\/elle.clinic\\\/wp-content\\\/uploads\\\/2024\\\/03\\\/elle-00.png\",\"width\":800,\"height\":800,\"caption\":\"Elle Clinique Esth\u00e9tique Montr\u00e9al\"},\"image\":{\"@id\":\"https:\\\/\\\/kqu.kqm.mybluehost.me\\\/website_43a04015\\\/#\\\/schema\\\/logo\\\/image\\\/\"},\"sameAs\":[\"https:\\\/\\\/www.instagram.com\\\/elle_montreal_clinique\\\/\"]}]}<\/script>\n<!-- \/ Yoast SEO plugin. -->","yoast_head_json":{"title":"Notre \u00e9quipe | Elle Clinic Montreal - Elle clinique esth\u00e9tique Montr\u00e9al","description":"Notre \u00e9quipe esth\u00e9tique | Clinique d'esth\u00e9tique m\u00e9dicale au centreville de Montr\u00e9al. Esth\u00e9ticiennes expertes en soins de la peau","robots":{"index":"index","follow":"follow","max-snippet":"max-snippet:-1","max-image-preview":"max-image-preview:large","max-video-preview":"max-video-preview:-1"},"canonical":"https:\/\/elle.clinic\/fr\/notre-equipe\/","og_locale":"fr_FR","og_type":"article","og_title":"Notre \u00e9quipe | Elle Clinic Montreal - Elle clinique esth\u00e9tique Montr\u00e9al","og_description":"Notre \u00e9quipe esth\u00e9tique | Clinique d'esth\u00e9tique m\u00e9dicale au centreville de Montr\u00e9al. Esth\u00e9ticiennes expertes en soins de la peau","og_url":"https:\/\/elle.clinic\/fr\/notre-equipe\/","og_site_name":"Elle Clinique Esth\u00e9tique Montr\u00e9al","article_publisher":"https:\/\/www.instagram.com\/elle_montreal_clinique\/","article_modified_time":"2026-05-13T03:12:19+00:00","og_image":[{"width":1200,"height":675,"url":"https:\/\/i0.wp.com\/elle.clinic\/wp-content\/uploads\/2024\/05\/elle-00.jpg?fit=1200%2C675&ssl=1","type":"image\/jpeg"}],"twitter_card":"summary_large_image","twitter_misc":{"Dur\u00e9e de lecture estim\u00e9e":"4 minutes"},"schema":{"@context":"https:\/\/schema.org","@graph":[{"@type":"WebPage","@id":"https:\/\/elle.clinic\/fr\/notre-equipe\/","url":"https:\/\/elle.clinic\/fr\/notre-equipe\/","name":"Notre \u00e9quipe | Elle Clinic Montreal - Elle clinique esth\u00e9tique Montr\u00e9al","isPartOf":{"@id":"https:\/\/kqu.kqm.mybluehost.me\/website_43a04015\/#website"},"datePublished":"2026-04-20T16:11:11+00:00","dateModified":"2026-05-13T03:12:19+00:00","description":"Notre \u00e9quipe esth\u00e9tique | Clinique d'esth\u00e9tique m\u00e9dicale au centreville de Montr\u00e9al. Esth\u00e9ticiennes expertes en soins de la peau","inLanguage":"fr-FR","potentialAction":[{"@type":"ReadAction","target":["https:\/\/elle.clinic\/fr\/notre-equipe\/"]}]},{"@type":"WebSite","@id":"https:\/\/kqu.kqm.mybluehost.me\/website_43a04015\/#website","url":"https:\/\/kqu.kqm.mybluehost.me\/website_43a04015\/","name":"Elle Clinique Esth\u00e9tique Montr\u00e9al","description":"","publisher":{"@id":"https:\/\/kqu.kqm.mybluehost.me\/website_43a04015\/#organization"},"potentialAction":[{"@type":"SearchAction","target":{"@type":"EntryPoint","urlTemplate":"https:\/\/kqu.kqm.mybluehost.me\/website_43a04015\/?s={search_term_string}"},"query-input":{"@type":"PropertyValueSpecification","valueRequired":true,"valueName":"search_term_string"}}],"inLanguage":"fr-FR"},{"@type":"Organization","@id":"https:\/\/kqu.kqm.mybluehost.me\/website_43a04015\/#organization","name":"Elle Clinique Esth\u00e9tique Montr\u00e9al","url":"https:\/\/kqu.kqm.mybluehost.me\/website_43a04015\/","logo":{"@type":"ImageObject","inLanguage":"fr-FR","@id":"https:\/\/kqu.kqm.mybluehost.me\/website_43a04015\/#\/schema\/logo\/image\/","url":"https:\/\/elle.clinic\/wp-content\/uploads\/2024\/03\/elle-00.png","contentUrl":"https:\/\/elle.clinic\/wp-content\/uploads\/2024\/03\/elle-00.png","width":800,"height":800,"caption":"Elle Clinique Esth\u00e9tique Montr\u00e9al"},"image":{"@id":"https:\/\/kqu.kqm.mybluehost.me\/website_43a04015\/#\/schema\/logo\/image\/"},"sameAs":["https:\/\/www.instagram.com\/elle_montreal_clinique\/"]}]}},"jetpack_sharing_enabled":true,"_links":{"self":[{"href":"https:\/\/elle.clinic\/fr\/wp-json\/wp\/v2\/pages\/1985","targetHints":{"allow":["GET"]}}],"collection":[{"href":"https:\/\/elle.clinic\/fr\/wp-json\/wp\/v2\/pages"}],"about":[{"href":"https:\/\/elle.clinic\/fr\/wp-json\/wp\/v2\/types\/page"}],"author":[{"embeddable":true,"href":"https:\/\/elle.clinic\/fr\/wp-json\/wp\/v2\/users\/1"}],"replies":[{"embeddable":true,"href":"https:\/\/elle.clinic\/fr\/wp-json\/wp\/v2\/comments?post=1985"}],"version-history":[{"count":64,"href":"https:\/\/elle.clinic\/fr\/wp-json\/wp\/v2\/pages\/1985\/revisions"}],"predecessor-version":[{"id":2297,"href":"https:\/\/elle.clinic\/fr\/wp-json\/wp\/v2\/pages\/1985\/revisions\/2297"}],"wp:attachment":[{"href":"https:\/\/elle.clinic\/fr\/wp-json\/wp\/v2\/media?parent=1985"}],"curies":[{"name":"wp","href":"https:\/\/api.w.org\/{rel}","templated":true}]}}